{"id":14972,"date":"2023-02-06T03:35:02","date_gmt":"2023-02-06T03:35:02","guid":{"rendered":"https:\/\/www.futuraeurope.com\/contatti\/"},"modified":"2024-10-10T09:27:58","modified_gmt":"2024-10-10T09:27:58","slug":"contacts","status":"publish","type":"page","link":"https:\/\/www.futuraeurope.com\/fr\/contacts\/","title":{"rendered":"Contacts"},"content":{"rendered":"\t\t<div data-elementor-type=\"wp-page\" data-elementor-id=\"14972\" class=\"elementor elementor-14972 elementor-16\">\n\t\t\t\t\t\t<section class=\"elementor-section elementor-top-section elementor-element elementor-element-00254c2 elementor-section-full_width elementor-hidden-mobile elementor-section-height-default elementor-section-height-default rt-parallax-bg-no\" data-id=\"00254c2\" data-element_type=\"section\">\n\t\t\t\t\t\t<div class=\"elementor-container elementor-column-gap-default\">\n\t\t\t\t\t<div class=\"elementor-column elementor-col-100 elementor-top-column elementor-element elementor-element-9cd5e43\" data-id=\"9cd5e43\" data-element_type=\"column\">\n\t\t\t<div class=\"elementor-widget-wrap elementor-element-populated\">\n\t\t\t\t\t\t<div class=\"elementor-element elementor-element-4ba1525 elementor-widget elementor-widget-google_maps\" data-id=\"4ba1525\" data-element_type=\"widget\" data-widget_type=\"google_maps.default\">\n\t\t\t\t<div class=\"elementor-widget-container\">\n\t\t\t\t\t<div class=\"elementor-custom-embed\">\n\t\t\t<iframe loading=\"lazy\"\n\t\t\t\t\tsrc=\"https:\/\/maps.google.com\/maps?q=futura%20europe%20Contrada%20Torbidello%2C%202663071%20RotellaItaly&#038;t=m&#038;z=11&#038;output=embed&#038;iwloc=near\"\n\t\t\t\t\ttitle=\"futura europe Contrada Torbidello, 2663071 RotellaItaly\"\n\t\t\t\t\taria-label=\"futura europe Contrada Torbidello, 2663071 RotellaItaly\"\n\t\t\t><\/iframe>\n\t\t<\/div>\n\t\t\t\t<\/div>\n\t\t\t\t<\/div>\n\t\t\t\t\t<\/div>\n\t\t<\/div>\n\t\t\t\t\t<\/div>\n\t\t<\/section>\n\t\t\t\t<section class=\"elementor-section elementor-top-section elementor-element elementor-element-0d42a88 elementor-reverse-mobile elementor-section-boxed elementor-section-height-default elementor-section-height-default rt-parallax-bg-no\" data-id=\"0d42a88\" data-element_type=\"section\">\n\t\t\t\t\t\t<div class=\"elementor-container elementor-column-gap-default\">\n\t\t\t\t\t<div class=\"elementor-column elementor-col-33 elementor-top-column elementor-element elementor-element-9248a1a\" data-id=\"9248a1a\" data-element_type=\"column\" data-settings=\"{&quot;background_background&quot;:&quot;classic&quot;}\">\n\t\t\t<div class=\"elementor-widget-wrap elementor-element-populated\">\n\t\t\t\t\t\t<div class=\"elementor-element elementor-element-07b71e4 elementor-invisible elementor-widget elementor-widget-rt-title\" data-id=\"07b71e4\" data-element_type=\"widget\" data-widget_type=\"rt-title.default\">\n\t\t\t\t<div class=\"elementor-widget-container\">\n\t\t\t<div class=\"rt-section-title has-animation style1\">\n\t<div class=\"title-holder\">\t\t\n\t\t\t\t\t\t<h2 class=\"entry-title hide fadeInUp\" data-wow-delay=\"0.6s\" data-wow-duration=\"1.4s\">Contacts<\/h2>\n\t\t\t\t\n\t<\/div>\n<\/div>\n\t\t<\/div>\n\t\t\t\t<\/div>\n\t\t\t\t<div class=\"elementor-element elementor-element-693d467 elementor-widget elementor-widget-text-editor\" data-id=\"693d467\" data-element_type=\"widget\" data-widget_type=\"text-editor.default\">\n\t\t\t\t<div class=\"elementor-widget-container\">\n\t\t\t\t\t\t\t<p><span style=\"font-weight: 400;\">Nous sommes toujours disponibles pour fournir des informations sur les mat\u00e9riaux et les machines pour l&#8217;application par pulv\u00e9risation de polyur\u00e9thane et de polyur\u00e9e.<\/span><\/p>\t\t\t\t\t\t<\/div>\n\t\t\t\t<\/div>\n\t\t\t\t<div class=\"elementor-element elementor-element-5136908 elementor-invisible elementor-widget elementor-widget-rt-contact-info\" data-id=\"5136908\" data-element_type=\"widget\" data-widget_type=\"rt-contact-info.default\">\n\t\t\t\t<div class=\"elementor-widget-container\">\n\t\t\t\n<div class=\"rt-contact-info\">\n    <div class=\"rt-item item-icon hide fadeInUp\" data-wow-delay=\"0.2s\" data-wow-duration=\"1.2s\">\n    \t<div class=\"rt-item-icon\">\n\t          \n\t        \t            <i aria-hidden=\"true\" class=\" icon-faktorie-location\"><\/i>\t        \t         \n\t    <\/div>\n\t    <div class=\"rt-item-content\">\n\t        <h3 class=\"entry-title\">O\u00f9 nous sommes<\/h3>\n\t        <ul class=\"contact-list\">\n\t            \t            <li>\n\t                \t                    Si\u00e8ge social et centre de formation:\nContrada Torbidello, 26 - 63071 Rotella (AP)Italy\t                \t            <\/li>\n\t            \t        <\/ul>\n\t    <\/div>\n    <\/div>\n<\/div>\t\t<\/div>\n\t\t\t\t<\/div>\n\t\t\t\t<div class=\"elementor-element elementor-element-4c2a3eb elementor-widget-divider--view-line elementor-widget elementor-widget-divider\" data-id=\"4c2a3eb\" data-element_type=\"widget\" data-widget_type=\"divider.default\">\n\t\t\t\t<div class=\"elementor-widget-container\">\n\t\t\t\t\t<div class=\"elementor-divider\">\n\t\t\t<span class=\"elementor-divider-separator\">\n\t\t\t\t\t\t<\/span>\n\t\t<\/div>\n\t\t\t\t<\/div>\n\t\t\t\t<\/div>\n\t\t\t\t<div class=\"elementor-element elementor-element-d570e29 elementor-invisible elementor-widget elementor-widget-rt-contact-info\" data-id=\"d570e29\" data-element_type=\"widget\" data-widget_type=\"rt-contact-info.default\">\n\t\t\t\t<div class=\"elementor-widget-container\">\n\t\t\t\n<div class=\"rt-contact-info\">\n    <div class=\"rt-item item-icon hide fadeInUp\" data-wow-delay=\"0.2s\" data-wow-duration=\"1.2s\">\n    \t<div class=\"rt-item-icon\">\n\t          \n\t        \t            <i aria-hidden=\"true\" class=\" icon-faktorie-phone\"><\/i>\t        \t         \n\t    <\/div>\n\t    <div class=\"rt-item-content\">\n\t        <h3 class=\"entry-title\">T\u00e9l\u00e9phone<\/h3>\n\t        <ul class=\"contact-list\">\n\t            \t            <li>\n\t                \t                    Tel.<a href=\"tel:+390734933227\"> +39.0734.933227<\/a>\t                \t            <\/li>\n\t            \t            <li>\n\t                \t                    Fax. +39.0734.217890\t                \t            <\/li>\n\t            \t        <\/ul>\n\t    <\/div>\n    <\/div>\n<\/div>\t\t<\/div>\n\t\t\t\t<\/div>\n\t\t\t\t<div class=\"elementor-element elementor-element-057b266 elementor-widget-divider--view-line elementor-widget elementor-widget-divider\" data-id=\"057b266\" data-element_type=\"widget\" data-widget_type=\"divider.default\">\n\t\t\t\t<div class=\"elementor-widget-container\">\n\t\t\t\t\t<div class=\"elementor-divider\">\n\t\t\t<span class=\"elementor-divider-separator\">\n\t\t\t\t\t\t<\/span>\n\t\t<\/div>\n\t\t\t\t<\/div>\n\t\t\t\t<\/div>\n\t\t\t\t<div class=\"elementor-element elementor-element-ce50dd0 elementor-invisible elementor-widget elementor-widget-rt-contact-info\" data-id=\"ce50dd0\" data-element_type=\"widget\" data-widget_type=\"rt-contact-info.default\">\n\t\t\t\t<div class=\"elementor-widget-container\">\n\t\t\t\n<div class=\"rt-contact-info\">\n    <div class=\"rt-item item-icon hide fadeInUp\" data-wow-delay=\"0.2s\" data-wow-duration=\"1.2s\">\n    \t<div class=\"rt-item-icon\">\n\t          \n\t        \t            <i aria-hidden=\"true\" class=\" icon-faktorie-message\"><\/i>\t        \t         \n\t    <\/div>\n\t    <div class=\"rt-item-content\">\n\t        <h3 class=\"entry-title\">Courriel<\/h3>\n\t        <ul class=\"contact-list\">\n\t            \t            <li>\n\t                \t                    <a href=\"mailto:info@futuraeurope.com\">info@futuraeurope.com<\/a>\t                \t            <\/li>\n\t            \t        <\/ul>\n\t    <\/div>\n    <\/div>\n<\/div>\t\t<\/div>\n\t\t\t\t<\/div>\n\t\t\t\t\t<\/div>\n\t\t<\/div>\n\t\t\t\t<div class=\"elementor-column elementor-col-66 elementor-top-column elementor-element elementor-element-c01cd81\" data-id=\"c01cd81\" data-element_type=\"column\" data-settings=\"{&quot;background_background&quot;:&quot;classic&quot;}\">\n\t\t\t<div class=\"elementor-widget-wrap elementor-element-populated\">\n\t\t\t\t\t\t<div class=\"elementor-element elementor-element-1a36075 elementor-invisible elementor-widget elementor-widget-rt-title\" data-id=\"1a36075\" data-element_type=\"widget\" data-widget_type=\"rt-title.default\">\n\t\t\t\t<div class=\"elementor-widget-container\">\n\t\t\t<div class=\"rt-section-title has-animation style1\">\n\t<div class=\"title-holder\">\t\t\n\t\t\t\t\t\t<h2 class=\"entry-title hide fadeInUp\" data-wow-delay=\"0.6s\" data-wow-duration=\"1.4s\">Demande d'informations\n<\/h2>\n\t\t\t\t\n\t<\/div>\n<\/div>\n\t\t<\/div>\n\t\t\t\t<\/div>\n\t\t\t\t<div class=\"elementor-element elementor-element-5317bdb elementor-widget elementor-widget-text-editor\" data-id=\"5317bdb\" data-element_type=\"widget\" data-widget_type=\"text-editor.default\">\n\t\t\t\t<div class=\"elementor-widget-container\">\n\t\t\t\t\t\t\t<p><span style=\"font-weight: 400;\">Contactez-nous \u00e9galement pour demander un devis gratuit, un support apr\u00e8s-vente ou pour en savoir plus sur nos cours de formation qui vous permettront d&#8217;obtenir une licence d&#8217;applicateur certifi\u00e9.<\/span><\/p>\t\t\t\t\t\t<\/div>\n\t\t\t\t<\/div>\n\t\t\t\t<div class=\"elementor-element elementor-element-8647d85 fluentform-widget-submit-button-custom elementor-widget elementor-widget-fluent-form-widget\" data-id=\"8647d85\" data-element_type=\"widget\" data-widget_type=\"fluent-form-widget.default\">\n\t\t\t\t<div class=\"elementor-widget-container\">\n\t\t\t\n            <div class=\"fluentform-widget-wrapper fluentform-widget-align-default\">\n\n            \n            <div class='fluentform ff-default fluentform_wrapper_18 ffs_default_wrap'><form data-form_id=\"18\" id=\"fluentform_18\" class=\"frm-fluent-form fluent_form_18 ff-el-form-top ff_form_instance_18_1 ff-form-loading ffs_default\" data-form_instance=\"ff_form_instance_18_1\" method=\"POST\" data-turnstile_key=\"0x4AAAAAAA_l0_mC2hqi7zOy\" ><fieldset  style=\"border: none!important;margin: 0!important;padding: 0!important;background-color: transparent!important;box-shadow: none!important;outline: none!important; min-inline-size: 100%;\">\n                    <legend class=\"ff_screen_reader_title\" style=\"display: block; margin: 0!important;padding: 0!important;height: 0!important;text-indent: -999999px;width: 0!important;overflow:hidden;\">Request Sample (FR)<\/legend><input type='hidden' name='__fluent_form_embded_post_id' value='14972' \/><input type=\"hidden\" id=\"_fluentform_18_fluentformnonce\" name=\"_fluentform_18_fluentformnonce\" value=\"177f9ef236\" \/><input type=\"hidden\" name=\"_wp_http_referer\" value=\"\/fr\/wp-json\/wp\/v2\/pages\/14972\" \/><div class='ff-el-group  ff-custom_html' data-name=\"custom_html-18_1\" ><p>Remplissez les champs du formulaire ci-dessous pour recevoir un \u00e9chantillon du mat\u00e9riel.<\/p>\n<p><span style=\"font-size: 0.8em\"><span style=\"font-weight: 400\">Les champs marqu\u00e9s d'un ast\u00e9risque<\/span> (<span style=\"color: #2b73ea\">*<\/span>) s<span style=\"font-weight: 400\">sont obligatoires.<\/span><\/span><\/p><\/div><div data-name=\"ff_cn_id_1\"  class='ff-t-container ff-column-container ff_columns_total_2  '><div class='ff-t-cell ff-t-column-1' style='flex-basis: 50%;'><div data-type=\"name-element\" data-name=\"names_3\" class=\" ff-field_container ff-name-field-wrapper\" ><div class='ff-t-container'><div class='ff-t-cell '><div class='ff-el-group'><div class='ff-el-input--content'><input type=\"text\" name=\"names_3[first_name]\" id=\"ff_18_names_3_first_name_\" class=\"ff-el-form-control\" placeholder=\"Nom*\" aria-invalid=\"false\" aria-required=true><\/div><\/div><\/div><\/div><\/div><div data-type=\"name-element\" data-name=\"phone\" class=\" ff-field_container ff-name-field-wrapper\" ><div class='ff-t-container'><div class='ff-t-cell '><div class='ff-el-group'><div class='ff-el-input--content'><input type=\"text\" name=\"phone[first_name]\" id=\"ff_18_phone_first_name_\" class=\"ff-el-form-control\" placeholder=\"T\u00e9l\u00e9phone*\" aria-invalid=\"false\" aria-required=true><\/div><\/div><\/div><\/div><\/div><\/div><div class='ff-t-cell ff-t-column-2' style='flex-basis: 50%;'><div data-type=\"name-element\" data-name=\"prenom\" class=\" ff-field_container ff-name-field-wrapper\" ><div class='ff-t-container'><div class='ff-t-cell '><div class='ff-el-group'><div class='ff-el-input--content'><input type=\"text\" name=\"prenom[first_name]\" id=\"ff_18_prenom_first_name_\" class=\"ff-el-form-control\" placeholder=\"Pr\u00e9nom*\" aria-invalid=\"false\" aria-required=true><\/div><\/div><\/div><\/div><\/div><div class='ff-el-group'><div class='ff-el-input--content'><input type=\"email\" name=\"email\" id=\"ff_18_email\" class=\"ff-el-form-control\" placeholder=\"Courriel *\" data-name=\"email\"  aria-invalid=\"false\" aria-required=true><\/div><\/div><\/div><\/div><div class=\"ff-name-address-wrapper fluent-address\" data-type=\"address-element\" data-name=\"Indirizzo\" ><div class='ff-el-input--content'><div class='ff-t-container'><div class='ff-t-cell'><div class='ff-el-group'><div class='ff-el-input--content'><input type=\"text\" name=\"Indirizzo[address_line_1]\" id=\"ff_18_Indirizzo_address_line_1_\" class=\"ff-el-form-control\" placeholder=\"Adresse*\" data-key_name=\"address_line_1\"  aria-invalid=\"false\" aria-required=true><\/div><\/div><\/div><div class='ff-t-cell'><div class='ff-el-group'><div class='ff-el-input--content'><input type=\"text\" name=\"Indirizzo[address_line_2]\" id=\"ff_18_Indirizzo_address_line_2_\" class=\"ff-el-form-control\" placeholder=\"Appartement suite unit\u00e9 etc.\" data-key_name=\"address_line_2\"  aria-invalid=\"false\" aria-required=false><\/div><\/div><\/div><\/div><div class='ff-t-container'><div class='ff-t-cell'><div class='ff-el-group'><div class='ff-el-input--content'><input type=\"text\" name=\"Indirizzo[city]\" id=\"ff_18_Indirizzo_city_\" class=\"ff-el-form-control\" placeholder=\"Ville*\" data-key_name=\"city\"  aria-invalid=\"false\" aria-required=true><\/div><\/div><\/div><div class='ff-t-cell'><div class='ff-el-group'><div class='ff-el-input--content'><input type=\"text\" name=\"Indirizzo[zip]\" id=\"ff_18_Indirizzo_zip_\" class=\"ff-el-form-control\" placeholder=\"Code postal*\" data-key_name=\"zip\"  aria-invalid=\"false\" aria-required=true><\/div><\/div><\/div><\/div><\/div><\/div><div class='ff-el-group    ff-el-input--content'><div class='ff-el-form-check ff-el-tc'><label aria-label='terms & conditions' class='ff-el-form-check-label ff_tc_label' for=terms-n-condition_ef1e43160067d4195a2121389b214160><span class='ff_tc_checkbox'><input type=\"checkbox\" name=\"terms-n-condition\" class=\"ff-el-form-check-input\" data-name=\"terms-n-condition\" id=\"terms-n-condition_ef1e43160067d4195a2121389b214160\"  value='on' aria-invalid='false' aria-required=true><\/span> <div class='ff_t_c'><p>J'ai lu et j'accepte les termes de la <a href=\"\/fr\/privacy-policy-fr\" target=\"_blank\" rel=\"noopener\">politique de confidentialit\u00e9<\/a><\/p><\/div><\/label><\/div><\/div><div class='ff-el-group ' ><div class='ff-el-input--content'><div data-fluent_id='18' name='cf-turnstile-response'><div\n\t\tdata-sitekey='0x4AAAAAAA_l0_mC2hqi7zOy'\n\t\tdata-theme='auto'\n\t\tid='fluentform-turnstile-18-1'\n\t\tclass='ff-el-turnstile cf-turnstile'\n\t\tdata-appearance='execute'><\/div><\/div><\/div><\/div><div class='ff-el-group ff-text-left request-form ff_submit_btn_wrapper'><button type=\"submit\" class=\"ff-btn ff-btn-submit ff-btn-md ff_btn_no_style\" >ENVOYER LA DEMANDE<\/button><\/div><\/fieldset><\/form><div id='fluentform_18_errors' class='ff-errors-in-stack ff_form_instance_18_1 ff-form-loading_errors ff_form_instance_18_1_errors'><\/div><\/div>        <script type=\"text\/javascript\">\n            window.fluent_form_ff_form_instance_18_1 = {\"id\":\"18\",\"settings\":{\"layout\":{\"labelPlacement\":\"top\",\"helpMessagePlacement\":\"with_label\",\"errorMessagePlacement\":\"inline\",\"cssClassName\":\"\",\"asteriskPlacement\":\"asterisk-right\"},\"restrictions\":{\"denyEmptySubmission\":{\"enabled\":false}}},\"form_instance\":\"ff_form_instance_18_1\",\"form_id_selector\":\"fluentform_18\",\"rules\":{\"names_3[first_name]\":{\"required\":{\"value\":true,\"message\":\"Ce champ est obligatoire\",\"global\":false,\"global_message\":\"This field is required\"}},\"names_3[middle_name]\":{\"required\":{\"value\":false,\"message\":\"This field is required\",\"global\":false,\"global_message\":\"This field is required\"}},\"names_3[last_name]\":{\"required\":{\"value\":false,\"message\":\"This field is required\",\"global\":false,\"global_message\":\"This field is required\"}},\"phone[first_name]\":{\"required\":{\"value\":true,\"message\":\"Ce champ est obligatoire\",\"global\":false,\"global_message\":\"This field is required\"}},\"phone[middle_name]\":{\"required\":{\"value\":false,\"message\":\"This field is required\",\"global\":false,\"global_message\":\"This field is required\"}},\"phone[last_name]\":{\"required\":{\"value\":false,\"message\":\"This field is required\",\"global\":false,\"global_message\":\"This field is required\"}},\"prenom[first_name]\":{\"required\":{\"value\":true,\"message\":\"Ce champ est obligatoire\",\"global\":false,\"global_message\":\"This field is required\"}},\"prenom[middle_name]\":{\"required\":{\"value\":false,\"message\":\"This field is required\",\"global\":false,\"global_message\":\"This field is required\"}},\"prenom[last_name]\":{\"required\":{\"value\":false,\"message\":\"This field is required\",\"global\":false,\"global_message\":\"This field is required\"}},\"email\":{\"required\":{\"value\":true,\"message\":\"Ce champ est obligatoire\",\"global\":false,\"global_message\":\"This field is required\"},\"email\":{\"value\":true,\"message\":\"Ce champ doit contenir une adresse email valide\",\"global\":false,\"global_message\":\"This field must contain a valid email\"}},\"Indirizzo[address_line_1]\":{\"required\":{\"value\":true,\"message\":\"Ce champ est obligatoire\",\"global\":false,\"global_message\":\"This field is required\"}},\"Indirizzo[address_line_2]\":{\"required\":{\"value\":false,\"message\":\"This field is required\",\"global\":false,\"global_message\":\"This field is required\"}},\"Indirizzo[city]\":{\"required\":{\"value\":true,\"message\":\"Ce champ est obligatoire\",\"global\":false,\"global_message\":\"This field is required\"}},\"Indirizzo[state]\":{\"required\":{\"value\":true,\"message\":\"Questo campo \\u00e8 obbligatorio\",\"global\":false,\"global_message\":\"This field is required\"}},\"Indirizzo[zip]\":{\"required\":{\"value\":true,\"message\":\"Ce champ est obligatoire\",\"global\":false,\"global_message\":\"This field is required\"}},\"Indirizzo[country]\":{\"required\":{\"value\":false,\"message\":\"This field is required\",\"global\":false,\"global_message\":\"This field is required\"}},\"terms-n-condition\":{\"required\":{\"value\":true,\"message\":\"Questo campo \\u00e8 obbligatorio\",\"global\":false,\"global_message\":\"This field is required\"}}},\"debounce_time\":300};\n                    <\/script>\n                    <\/div>\n\n            \t\t<\/div>\n\t\t\t\t<\/div>\n\t\t\t\t\t<\/div>\n\t\t<\/div>\n\t\t\t\t\t<\/div>\n\t\t<\/section>\n\t\t\t\t<\/div>\n\t\t","protected":false},"excerpt":{"rendered":"<p>Contacts Nous sommes toujours disponibles pour fournir des informations sur les mat\u00e9riaux et les machines pour l\u2019application par pulv\u00e9risation de polyur\u00e9thane et de polyur\u00e9e. O\u00f9 nous sommes Si\u00e8ge social et centre de formation: Contrada Torbidello, 26 &#8211; 63071 Rotella (AP)Italy T\u00e9l\u00e9phone Tel. +39.0734.933227 Fax. +39.0734.217890 Courriel info@futuraeurope.com Demande d\u2019informations Contactez-nous \u00e9galement pour demander un devis [&hellip;]<\/p>\n","protected":false},"author":1,"featured_media":0,"parent":0,"menu_order":0,"comment_status":"closed","ping_status":"closed","template":"elementor_header_footer","meta":{"footnotes":""},"class_list":["post-14972","page","type-page","status-publish","hentry"],"yoast_head":"<!-- This site is optimized with the Yoast SEO plugin v23.6 - https:\/\/yoast.com\/wordpress\/plugins\/seo\/ -->\n<title>Contacts - Futura Europe<\/title>\n<meta name=\"robots\" content=\"index, follow, max-snippet:-1, max-image-preview:large, max-video-preview:-1\" \/>\n<link rel=\"canonical\" href=\"https:\/\/www.futuraeurope.com\/fr\/contacts\/\" \/>\n<meta property=\"og:locale\" content=\"fr_FR\" \/>\n<meta property=\"og:type\" content=\"article\" \/>\n<meta property=\"og:title\" content=\"Contacts - Futura Europe\" \/>\n<meta property=\"og:description\" content=\"Contacts Nous sommes toujours disponibles pour fournir des informations sur les mat\u00e9riaux et les machines pour l\u2019application par pulv\u00e9risation de polyur\u00e9thane et de polyur\u00e9e. O\u00f9 nous sommes Si\u00e8ge social et centre de formation: Contrada Torbidello, 26 &#8211; 63071 Rotella (AP)Italy T\u00e9l\u00e9phone Tel. +39.0734.933227 Fax. +39.0734.217890 Courriel info@futuraeurope.com Demande d\u2019informations Contactez-nous \u00e9galement pour demander un devis [&hellip;]\" \/>\n<meta property=\"og:url\" content=\"https:\/\/www.futuraeurope.com\/fr\/contacts\/\" \/>\n<meta property=\"og:site_name\" content=\"Futura Europe\" \/>\n<meta property=\"article:modified_time\" content=\"2024-10-10T09:27:58+00:00\" \/>\n<meta name=\"twitter:card\" content=\"summary_large_image\" \/>\n<meta name=\"twitter:label1\" content=\"Dur\u00e9e de lecture estim\u00e9e\" \/>\n\t<meta name=\"twitter:data1\" content=\"1 minute\" \/>\n<script type=\"application\/ld+json\" class=\"yoast-schema-graph\">{\"@context\":\"https:\/\/schema.org\",\"@graph\":[{\"@type\":\"WebPage\",\"@id\":\"https:\/\/www.futuraeurope.com\/fr\/contacts\/\",\"url\":\"https:\/\/www.futuraeurope.com\/fr\/contacts\/\",\"name\":\"Contacts - Futura Europe\",\"isPartOf\":{\"@id\":\"https:\/\/www.futuraeurope.com\/fr\/#website\"},\"datePublished\":\"2023-02-06T03:35:02+00:00\",\"dateModified\":\"2024-10-10T09:27:58+00:00\",\"breadcrumb\":{\"@id\":\"https:\/\/www.futuraeurope.com\/fr\/contacts\/#breadcrumb\"},\"inLanguage\":\"fr-FR\",\"potentialAction\":[{\"@type\":\"ReadAction\",\"target\":[\"https:\/\/www.futuraeurope.com\/fr\/contacts\/\"]}]},{\"@type\":\"BreadcrumbList\",\"@id\":\"https:\/\/www.futuraeurope.com\/fr\/contacts\/#breadcrumb\",\"itemListElement\":[{\"@type\":\"ListItem\",\"position\":1,\"name\":\"Home\",\"item\":\"https:\/\/www.futuraeurope.com\/fr\/\"},{\"@type\":\"ListItem\",\"position\":2,\"name\":\"Contacts\"}]},{\"@type\":\"WebSite\",\"@id\":\"https:\/\/www.futuraeurope.com\/fr\/#website\",\"url\":\"https:\/\/www.futuraeurope.com\/fr\/\",\"name\":\"Futura Europe\",\"description\":\"Vendita e produzione di macchine per poliurea e poliuretano\",\"potentialAction\":[{\"@type\":\"SearchAction\",\"target\":{\"@type\":\"EntryPoint\",\"urlTemplate\":\"https:\/\/www.futuraeurope.com\/fr\/?s={search_term_string}\"},\"query-input\":{\"@type\":\"PropertyValueSpecification\",\"valueRequired\":true,\"valueName\":\"search_term_string\"}}],\"inLanguage\":\"fr-FR\"}]}<\/script>\n<!-- \/ Yoast SEO plugin. -->","yoast_head_json":{"title":"Contacts - Futura Europe","robots":{"index":"index","follow":"follow","max-snippet":"max-snippet:-1","max-image-preview":"max-image-preview:large","max-video-preview":"max-video-preview:-1"},"canonical":"https:\/\/www.futuraeurope.com\/fr\/contacts\/","og_locale":"fr_FR","og_type":"article","og_title":"Contacts - Futura Europe","og_description":"Contacts Nous sommes toujours disponibles pour fournir des informations sur les mat\u00e9riaux et les machines pour l\u2019application par pulv\u00e9risation de polyur\u00e9thane et de polyur\u00e9e. O\u00f9 nous sommes Si\u00e8ge social et centre de formation: Contrada Torbidello, 26 &#8211; 63071 Rotella (AP)Italy T\u00e9l\u00e9phone Tel. +39.0734.933227 Fax. +39.0734.217890 Courriel info@futuraeurope.com Demande d\u2019informations Contactez-nous \u00e9galement pour demander un devis [&hellip;]","og_url":"https:\/\/www.futuraeurope.com\/fr\/contacts\/","og_site_name":"Futura Europe","article_modified_time":"2024-10-10T09:27:58+00:00","twitter_card":"summary_large_image","twitter_misc":{"Dur\u00e9e de lecture estim\u00e9e":"1 minute"},"schema":{"@context":"https:\/\/schema.org","@graph":[{"@type":"WebPage","@id":"https:\/\/www.futuraeurope.com\/fr\/contacts\/","url":"https:\/\/www.futuraeurope.com\/fr\/contacts\/","name":"Contacts - Futura Europe","isPartOf":{"@id":"https:\/\/www.futuraeurope.com\/fr\/#website"},"datePublished":"2023-02-06T03:35:02+00:00","dateModified":"2024-10-10T09:27:58+00:00","breadcrumb":{"@id":"https:\/\/www.futuraeurope.com\/fr\/contacts\/#breadcrumb"},"inLanguage":"fr-FR","potentialAction":[{"@type":"ReadAction","target":["https:\/\/www.futuraeurope.com\/fr\/contacts\/"]}]},{"@type":"BreadcrumbList","@id":"https:\/\/www.futuraeurope.com\/fr\/contacts\/#breadcrumb","itemListElement":[{"@type":"ListItem","position":1,"name":"Home","item":"https:\/\/www.futuraeurope.com\/fr\/"},{"@type":"ListItem","position":2,"name":"Contacts"}]},{"@type":"WebSite","@id":"https:\/\/www.futuraeurope.com\/fr\/#website","url":"https:\/\/www.futuraeurope.com\/fr\/","name":"Futura Europe","description":"Vendita e produzione di macchine per poliurea e poliuretano","potentialAction":[{"@type":"SearchAction","target":{"@type":"EntryPoint","urlTemplate":"https:\/\/www.futuraeurope.com\/fr\/?s={search_term_string}"},"query-input":{"@type":"PropertyValueSpecification","valueRequired":true,"valueName":"search_term_string"}}],"inLanguage":"fr-FR"}]}},"_links":{"self":[{"href":"https:\/\/www.futuraeurope.com\/fr\/wp-json\/wp\/v2\/pages\/14972"}],"collection":[{"href":"https:\/\/www.futuraeurope.com\/fr\/wp-json\/wp\/v2\/pages"}],"about":[{"href":"https:\/\/www.futuraeurope.com\/fr\/wp-json\/wp\/v2\/types\/page"}],"author":[{"embeddable":true,"href":"https:\/\/www.futuraeurope.com\/fr\/wp-json\/wp\/v2\/users\/1"}],"replies":[{"embeddable":true,"href":"https:\/\/www.futuraeurope.com\/fr\/wp-json\/wp\/v2\/comments?post=14972"}],"version-history":[{"count":1,"href":"https:\/\/www.futuraeurope.com\/fr\/wp-json\/wp\/v2\/pages\/14972\/revisions"}],"predecessor-version":[{"id":17763,"href":"https:\/\/www.futuraeurope.com\/fr\/wp-json\/wp\/v2\/pages\/14972\/revisions\/17763"}],"wp:attachment":[{"href":"https:\/\/www.futuraeurope.com\/fr\/wp-json\/wp\/v2\/media?parent=14972"}],"curies":[{"name":"wp","href":"https:\/\/api.w.org\/{rel}","templated":true}]}}