{"id":15037,"date":"2023-07-17T14:29:27","date_gmt":"2023-07-17T14:29:27","guid":{"rendered":"https:\/\/www.futuraeurope.com\/grazie\/"},"modified":"2023-10-25T09:10:50","modified_gmt":"2023-10-25T09:10:50","slug":"merci-formation","status":"publish","type":"page","link":"https:\/\/www.futuraeurope.com\/fr\/merci-formation\/","title":{"rendered":"Merci Formation"},"content":{"rendered":"\t\t<div data-elementor-type=\"wp-page\" data-elementor-id=\"15037\" class=\"elementor elementor-15037 elementor-4979\">\n\t\t\t\t\t\t<section class=\"elementor-section elementor-top-section elementor-element elementor-element-afd4382 elementor-section-content-middle elementor-section-boxed elementor-section-height-default elementor-section-height-default rt-parallax-bg-no\" data-id=\"afd4382\" data-element_type=\"section\">\n\t\t\t\t\t\t<div class=\"elementor-container elementor-column-gap-default\">\n\t\t\t\t\t<div class=\"elementor-column elementor-col-50 elementor-top-column elementor-element elementor-element-75053d4\" data-id=\"75053d4\" data-element_type=\"column\">\n\t\t\t<div class=\"elementor-widget-wrap elementor-element-populated\">\n\t\t\t\t\t\t<div class=\"elementor-element elementor-element-7048e59 elementor-invisible elementor-widget elementor-widget-rt-title-with-text\" data-id=\"7048e59\" data-element_type=\"widget\" data-widget_type=\"rt-title-with-text.default\">\n\t\t\t\t<div class=\"elementor-widget-container\">\n\t\t\t<div class=\"rt-title-text has-animation title-text-style1\">\n\t\t\t<div class=\"entry-subtitle hide fadeInUp\" data-wow-delay=\"0.2s\" data-wow-duration=\"1.2s\">FUTURA EUROPE<span class=\"line\"><\/span><\/div>\n\t\t\t\t<h2 class=\"entry-title hide fadeInUp\" data-wow-delay=\"0.4s\" data-wow-duration=\"1.2s\">Merci de nous avoir contact\u00e9!<\/h2>\t\t\n\t\t\n\t<div class=\"entry-content hide fadeInUp\" data-wow-delay=\"0.6s\" data-wow-duration=\"1.2s\"><p>Merci de nous avoir contact\u00e9! Notre \u00e9quipe travaille d\u00e9j\u00e0 sur votre demande et vous contactera dans les plus brefs d\u00e9lais.<\/p><p>En cas de besoin urgent, merci d'\u00e9crire directement \u00e0 l'adresse<\/p><p><a href=\"mailto:info@futuraeurope.com\"><strong>info@futuraeurope.com<\/strong><\/a><\/p><\/div>\n\n\t<\/div>\t\t<\/div>\n\t\t\t\t<\/div>\n\t\t\t\t<div class=\"elementor-element elementor-element-0160e2f elementor-widget elementor-widget-text-editor\" data-id=\"0160e2f\" data-element_type=\"widget\" data-widget_type=\"text-editor.default\">\n\t\t\t\t<div class=\"elementor-widget-container\">\n\t\t\t\t\t\t\t<p style=\"text-align: right;\"><em>l&#8217;\u00e9quipe Futura Europe<\/em><\/p>\t\t\t\t\t\t<\/div>\n\t\t\t\t<\/div>\n\t\t\t\t<div class=\"elementor-element elementor-element-400f70a elementor-invisible elementor-widget elementor-widget-rt-button\" data-id=\"400f70a\" data-element_type=\"widget\" data-widget_type=\"rt-button.default\">\n\t\t\t\t<div class=\"elementor-widget-container\">\n\t\t\t<div class=\"rt-button hide fadeInUp\" data-wow-delay=\"0.2s\" data-wow-duration=\"1.2s\">\n\t\t\t<a class=\"button-link button-style-2\" href=\"\/fr\/\">\n                        <span class=\"button-text button-text-right\">Home<\/span>\n                        <span class=\"icon icon-right\"><i class=\" icon-faktorie-right-arrow\"><\/i><\/span>\n                    <\/a>\n\t<\/div>\t\t<\/div>\n\t\t\t\t<\/div>\n\t\t\t\t\t<\/div>\n\t\t<\/div>\n\t\t\t\t<div class=\"elementor-column elementor-col-50 elementor-top-column elementor-element elementor-element-6d7447d\" data-id=\"6d7447d\" data-element_type=\"column\">\n\t\t\t<div class=\"elementor-widget-wrap elementor-element-populated\">\n\t\t\t\t\t\t<div class=\"elementor-element elementor-element-5b2816a elementor-hidden-mobile elementor-invisible elementor-widget elementor-widget-rt-shape\" data-id=\"5b2816a\" data-element_type=\"widget\" data-widget_type=\"rt-shape.default\">\n\t\t\t\t<div class=\"elementor-widget-container\">\n\t\t\t\n<div class=\"rt-shape-layout rt-shape-style2 hide fadeInDown\" data-wow-delay=\"0.2s\" data-wow-duration=\"1.2s\">\t\n\n            <div class=\"rt-shape-item\" style=\"position: absolute\"><span class=\"rt-img fa-spin\" style=\"animation-duration: 10s\"><img decoding=\"async\" width=\"154\" height=\"154\" src=\"https:\/\/www.futuraeurope.com\/wp-content\/uploads\/2023\/07\/futuraeurope-circle.png\" class=\"attachment-full size-full wp-image-5225\" alt=\"\" srcset=\"https:\/\/www.futuraeurope.com\/wp-content\/uploads\/2023\/07\/futuraeurope-circle.png 154w, https:\/\/www.futuraeurope.com\/wp-content\/uploads\/2023\/07\/futuraeurope-circle-150x150.png 150w, https:\/\/www.futuraeurope.com\/wp-content\/uploads\/2023\/07\/futuraeurope-circle-100x100.png 100w\" sizes=\"(max-width: 154px) 100vw, 154px\" \/><\/span><\/div>\n    <\/div>\t\t<\/div>\n\t\t\t\t<\/div>\n\t\t\t\t<div class=\"elementor-element elementor-element-934bd18 responsive-image-fit elementor-widget elementor-widget-image\" data-id=\"934bd18\" data-element_type=\"widget\" data-widget_type=\"image.default\">\n\t\t\t\t<div class=\"elementor-widget-container\">\n\t\t\t\t\t\t\t\t\t\t\t\t\t<img fetchpriority=\"high\" decoding=\"async\" width=\"1296\" height=\"690\" src=\"https:\/\/www.futuraeurope.com\/wp-content\/uploads\/2023\/07\/Fiera-MADE-2021-Futura-Europe-13-1296x690.jpg\" class=\"attachment-faktorie-size1 size-faktorie-size1 wp-image-5192\" alt=\"\" \/>\t\t\t\t\t\t\t\t\t\t\t\t\t<\/div>\n\t\t\t\t<\/div>\n\t\t\t\t\t<\/div>\n\t\t<\/div>\n\t\t\t\t\t<\/div>\n\t\t<\/section>\n\t\t\t\t<\/div>\n\t\t","protected":false},"excerpt":{"rendered":"<p>FUTURA EUROPE Merci de nous avoir contact\u00e9! Merci de nous avoir contact\u00e9! Notre \u00e9quipe travaille d\u00e9j\u00e0 sur votre demande et vous contactera dans les plus brefs d\u00e9lais. En cas de besoin urgent, merci d\u2019\u00e9crire directement \u00e0 l\u2019adresse info@futuraeurope.com l\u2019\u00e9quipe Futura Europe Home<\/p>\n","protected":false},"author":1,"featured_media":0,"parent":0,"menu_order":0,"comment_status":"closed","ping_status":"closed","template":"elementor_header_footer","meta":{"footnotes":""},"class_list":["post-15037","page","type-page","status-publish","hentry"],"yoast_head":"<!-- This site is optimized with the Yoast SEO plugin v23.6 - https:\/\/yoast.com\/wordpress\/plugins\/seo\/ -->\n<title>Merci Formation - Futura Europe<\/title>\n<meta name=\"robots\" content=\"index, follow, max-snippet:-1, max-image-preview:large, max-video-preview:-1\" \/>\n<link rel=\"canonical\" href=\"https:\/\/www.futuraeurope.com\/fr\/merci-formation\/\" \/>\n<meta property=\"og:locale\" content=\"fr_FR\" \/>\n<meta property=\"og:type\" content=\"article\" \/>\n<meta property=\"og:title\" content=\"Merci Formation - Futura Europe\" \/>\n<meta property=\"og:description\" content=\"FUTURA EUROPE Merci de nous avoir contact\u00e9! Merci de nous avoir contact\u00e9! Notre \u00e9quipe travaille d\u00e9j\u00e0 sur votre demande et vous contactera dans les plus brefs d\u00e9lais. En cas de besoin urgent, merci d\u2019\u00e9crire directement \u00e0 l\u2019adresse info@futuraeurope.com l\u2019\u00e9quipe Futura Europe Home\" \/>\n<meta property=\"og:url\" content=\"https:\/\/www.futuraeurope.com\/fr\/merci-formation\/\" \/>\n<meta property=\"og:site_name\" content=\"Futura Europe\" \/>\n<meta property=\"article:modified_time\" content=\"2023-10-25T09:10:50+00:00\" \/>\n<meta property=\"og:image\" content=\"https:\/\/www.futuraeurope.com\/wp-content\/uploads\/2023\/07\/futuraeurope-circle.png\" \/>\n<meta name=\"twitter:card\" content=\"summary_large_image\" \/>\n<meta name=\"twitter:label1\" content=\"Dur\u00e9e de lecture estim\u00e9e\" \/>\n\t<meta name=\"twitter:data1\" content=\"1 minute\" \/>\n<script type=\"application\/ld+json\" class=\"yoast-schema-graph\">{\"@context\":\"https:\/\/schema.org\",\"@graph\":[{\"@type\":\"WebPage\",\"@id\":\"https:\/\/www.futuraeurope.com\/fr\/merci-formation\/\",\"url\":\"https:\/\/www.futuraeurope.com\/fr\/merci-formation\/\",\"name\":\"Merci Formation - Futura Europe\",\"isPartOf\":{\"@id\":\"https:\/\/www.futuraeurope.com\/fr\/#website\"},\"primaryImageOfPage\":{\"@id\":\"https:\/\/www.futuraeurope.com\/fr\/merci-formation\/#primaryimage\"},\"image\":{\"@id\":\"https:\/\/www.futuraeurope.com\/fr\/merci-formation\/#primaryimage\"},\"thumbnailUrl\":\"https:\/\/www.futuraeurope.com\/wp-content\/uploads\/2023\/07\/futuraeurope-circle.png\",\"datePublished\":\"2023-07-17T14:29:27+00:00\",\"dateModified\":\"2023-10-25T09:10:50+00:00\",\"breadcrumb\":{\"@id\":\"https:\/\/www.futuraeurope.com\/fr\/merci-formation\/#breadcrumb\"},\"inLanguage\":\"fr-FR\",\"potentialAction\":[{\"@type\":\"ReadAction\",\"target\":[\"https:\/\/www.futuraeurope.com\/fr\/merci-formation\/\"]}]},{\"@type\":\"ImageObject\",\"inLanguage\":\"fr-FR\",\"@id\":\"https:\/\/www.futuraeurope.com\/fr\/merci-formation\/#primaryimage\",\"url\":\"https:\/\/www.futuraeurope.com\/wp-content\/uploads\/2023\/07\/futuraeurope-circle.png\",\"contentUrl\":\"https:\/\/www.futuraeurope.com\/wp-content\/uploads\/2023\/07\/futuraeurope-circle.png\"},{\"@type\":\"BreadcrumbList\",\"@id\":\"https:\/\/www.futuraeurope.com\/fr\/merci-formation\/#breadcrumb\",\"itemListElement\":[{\"@type\":\"ListItem\",\"position\":1,\"name\":\"Home\",\"item\":\"https:\/\/www.futuraeurope.com\/fr\/\"},{\"@type\":\"ListItem\",\"position\":2,\"name\":\"Merci Formation\"}]},{\"@type\":\"WebSite\",\"@id\":\"https:\/\/www.futuraeurope.com\/fr\/#website\",\"url\":\"https:\/\/www.futuraeurope.com\/fr\/\",\"name\":\"Futura Europe\",\"description\":\"Vendita e produzione di macchine per poliurea e poliuretano\",\"potentialAction\":[{\"@type\":\"SearchAction\",\"target\":{\"@type\":\"EntryPoint\",\"urlTemplate\":\"https:\/\/www.futuraeurope.com\/fr\/?s={search_term_string}\"},\"query-input\":{\"@type\":\"PropertyValueSpecification\",\"valueRequired\":true,\"valueName\":\"search_term_string\"}}],\"inLanguage\":\"fr-FR\"}]}<\/script>\n<!-- \/ Yoast SEO plugin. -->","yoast_head_json":{"title":"Merci Formation - Futura Europe","robots":{"index":"index","follow":"follow","max-snippet":"max-snippet:-1","max-image-preview":"max-image-preview:large","max-video-preview":"max-video-preview:-1"},"canonical":"https:\/\/www.futuraeurope.com\/fr\/merci-formation\/","og_locale":"fr_FR","og_type":"article","og_title":"Merci Formation - Futura Europe","og_description":"FUTURA EUROPE Merci de nous avoir contact\u00e9! Merci de nous avoir contact\u00e9! Notre \u00e9quipe travaille d\u00e9j\u00e0 sur votre demande et vous contactera dans les plus brefs d\u00e9lais. En cas de besoin urgent, merci d\u2019\u00e9crire directement \u00e0 l\u2019adresse info@futuraeurope.com l\u2019\u00e9quipe Futura Europe Home","og_url":"https:\/\/www.futuraeurope.com\/fr\/merci-formation\/","og_site_name":"Futura Europe","article_modified_time":"2023-10-25T09:10:50+00:00","og_image":[{"url":"https:\/\/www.futuraeurope.com\/wp-content\/uploads\/2023\/07\/futuraeurope-circle.png"}],"twitter_card":"summary_large_image","twitter_misc":{"Dur\u00e9e de lecture estim\u00e9e":"1 minute"},"schema":{"@context":"https:\/\/schema.org","@graph":[{"@type":"WebPage","@id":"https:\/\/www.futuraeurope.com\/fr\/merci-formation\/","url":"https:\/\/www.futuraeurope.com\/fr\/merci-formation\/","name":"Merci Formation - Futura Europe","isPartOf":{"@id":"https:\/\/www.futuraeurope.com\/fr\/#website"},"primaryImageOfPage":{"@id":"https:\/\/www.futuraeurope.com\/fr\/merci-formation\/#primaryimage"},"image":{"@id":"https:\/\/www.futuraeurope.com\/fr\/merci-formation\/#primaryimage"},"thumbnailUrl":"https:\/\/www.futuraeurope.com\/wp-content\/uploads\/2023\/07\/futuraeurope-circle.png","datePublished":"2023-07-17T14:29:27+00:00","dateModified":"2023-10-25T09:10:50+00:00","breadcrumb":{"@id":"https:\/\/www.futuraeurope.com\/fr\/merci-formation\/#breadcrumb"},"inLanguage":"fr-FR","potentialAction":[{"@type":"ReadAction","target":["https:\/\/www.futuraeurope.com\/fr\/merci-formation\/"]}]},{"@type":"ImageObject","inLanguage":"fr-FR","@id":"https:\/\/www.futuraeurope.com\/fr\/merci-formation\/#primaryimage","url":"https:\/\/www.futuraeurope.com\/wp-content\/uploads\/2023\/07\/futuraeurope-circle.png","contentUrl":"https:\/\/www.futuraeurope.com\/wp-content\/uploads\/2023\/07\/futuraeurope-circle.png"},{"@type":"BreadcrumbList","@id":"https:\/\/www.futuraeurope.com\/fr\/merci-formation\/#breadcrumb","itemListElement":[{"@type":"ListItem","position":1,"name":"Home","item":"https:\/\/www.futuraeurope.com\/fr\/"},{"@type":"ListItem","position":2,"name":"Merci Formation"}]},{"@type":"WebSite","@id":"https:\/\/www.futuraeurope.com\/fr\/#website","url":"https:\/\/www.futuraeurope.com\/fr\/","name":"Futura Europe","description":"Vendita e produzione di macchine per poliurea e poliuretano","potentialAction":[{"@type":"SearchAction","target":{"@type":"EntryPoint","urlTemplate":"https:\/\/www.futuraeurope.com\/fr\/?s={search_term_string}"},"query-input":{"@type":"PropertyValueSpecification","valueRequired":true,"valueName":"search_term_string"}}],"inLanguage":"fr-FR"}]}},"_links":{"self":[{"href":"https:\/\/www.futuraeurope.com\/fr\/wp-json\/wp\/v2\/pages\/15037"}],"collection":[{"href":"https:\/\/www.futuraeurope.com\/fr\/wp-json\/wp\/v2\/pages"}],"about":[{"href":"https:\/\/www.futuraeurope.com\/fr\/wp-json\/wp\/v2\/types\/page"}],"author":[{"embeddable":true,"href":"https:\/\/www.futuraeurope.com\/fr\/wp-json\/wp\/v2\/users\/1"}],"replies":[{"embeddable":true,"href":"https:\/\/www.futuraeurope.com\/fr\/wp-json\/wp\/v2\/comments?post=15037"}],"version-history":[{"count":1,"href":"https:\/\/www.futuraeurope.com\/fr\/wp-json\/wp\/v2\/pages\/15037\/revisions"}],"predecessor-version":[{"id":15049,"href":"https:\/\/www.futuraeurope.com\/fr\/wp-json\/wp\/v2\/pages\/15037\/revisions\/15049"}],"wp:attachment":[{"href":"https:\/\/www.futuraeurope.com\/fr\/wp-json\/wp\/v2\/media?parent=15037"}],"curies":[{"name":"wp","href":"https:\/\/api.w.org\/{rel}","templated":true}]}}