{"id":15118,"date":"2023-02-07T03:50:03","date_gmt":"2023-02-07T03:50:03","guid":{"rendered":"https:\/\/www.futuraeurope.com\/blog\/"},"modified":"2024-10-03T09:45:34","modified_gmt":"2024-10-03T09:45:34","slug":"blog","status":"publish","type":"page","link":"https:\/\/www.futuraeurope.com\/fr\/blog-fr\/","title":{"rendered":"Blog"},"content":{"rendered":"\t\t<div data-elementor-type=\"wp-page\" data-elementor-id=\"15118\" class=\"elementor elementor-15118 elementor-212\">\n\t\t\t\t\t\t<section class=\"elementor-section elementor-top-section elementor-element elementor-element-8bd49aa elementor-section-boxed elementor-section-height-default elementor-section-height-default rt-parallax-bg-no\" data-id=\"8bd49aa\" data-element_type=\"section\">\n\t\t\t\t\t\t<div class=\"elementor-container elementor-column-gap-default\">\n\t\t\t\t\t<div class=\"elementor-column elementor-col-100 elementor-top-column elementor-element elementor-element-23c31f7\" data-id=\"23c31f7\" data-element_type=\"column\">\n\t\t\t<div class=\"elementor-widget-wrap elementor-element-populated\">\n\t\t\t\t\t\t<div class=\"elementor-element elementor-element-7519a29 elementor-widget elementor-widget-text-editor\" data-id=\"7519a29\" data-element_type=\"widget\" data-widget_type=\"text-editor.default\">\n\t\t\t\t<div class=\"elementor-widget-container\">\n\t\t\t\t\t\t\t<p><span style=\"font-weight: 400;\">Le secteur de la construction, et plus particuli\u00e8rement celui de l\u2019imperm\u00e9abilisation et de l&#8217;isolation, est en constante \u00e9volution. Chez Futura Europe, nous sommes toujours engag\u00e9s dans la recherche et la formation pour garantir aux entreprises et aux professionnels des mat\u00e9riaux et des \u00e9quipements de pointe.\u00a0<\/span><\/p><p><span style=\"font-weight: 400;\">Dans cet espace, vous aurez l&#8217;occasion de vous tenir au courant des d\u00e9veloppements et des nouveaut\u00e9s du secteur, ainsi que de notre participation \u00e0 des \u00e9v\u00e9nements, des innovations et des solutions que nous proposons, qui sont le fruit d&#8217;une \u00e9tude et d&#8217;une recherche permanentes.<\/span><\/p>\t\t\t\t\t\t<\/div>\n\t\t\t\t<\/div>\n\t\t\t\t<div class=\"elementor-element elementor-element-58b89db elementor-widget elementor-widget-shortcode\" data-id=\"58b89db\" data-element_type=\"widget\" data-widget_type=\"shortcode.default\">\n\t\t\t\t<div class=\"elementor-widget-container\">\n\t\t\t\t\t<div class=\"elementor-shortcode\"><div class=\"auto-clear\"><div id=\"post-14815\" class=\"blog-layout-2 wow fadeInUp post-14815 post type-post status-publish format-standard has-post-thumbnail hentry category-non-classifiee\" data-wow-duration=\"1.5s\">\r\n\t<div class=\"blog-box show-image no-preview\">\r\n\t\t<div class=\"blog-img-holder\">\r\n\t\t\t<div class=\"blog-img\">\r\n\t\t\t\t\t\t\t\t\t\t\t\t\t\t\t<a href=\"https:\/\/www.futuraeurope.com\/fr\/blog\/come-impermeabilizzare-terrazzi-e-balconi-in-maniera-efficace\/\" class=\"img-opacity-hover\">\t\t\t\t\t\t\t<img fetchpriority=\"high\" decoding=\"async\" width=\"960\" height=\"520\" src=\"https:\/\/www.futuraeurope.com\/wp-content\/uploads\/2023\/10\/come-impermeabilizzare-terrazzi-960x520.jpg\" class=\"img-responsive wp-post-image\" alt=\"come-impermeabilizzare-terrazzi\" \/>\t\t\t\t\t\t\t\t\t\t\t\t\t<\/a>\r\n\t\t\t\t\t\t\t<\/div>\t\t\t\t\r\n\t\t<\/div>\r\n\t\t<div class=\"entry-content\">\r\n\t\t\t\t\t\t\t\t\t<h2 class=\"entry-title\"><a href=\"https:\/\/www.futuraeurope.com\/fr\/blog\/come-impermeabilizzare-terrazzi-e-balconi-in-maniera-efficace\/\">Come impermeabilizzare terrazzi e balconi in maniera efficace<\/a><\/h2>\r\n\t\t\t\t\t\t<div class=\"entry-text\"><p>Sicurezza ed estetica: ecco come impermeabilizzare i terrazzi con il miglior materiale Permettono di usufruire di preziosi spazi all\u2019aperto anche.<\/p><\/div>\r\n\t\t\t\t\r\n\t\t\t\t\t\t<div class=\"post-read-more\"><a class=\"button-style-3 btn-common\" href=\"https:\/\/www.futuraeurope.com\/fr\/blog\/come-impermeabilizzare-terrazzi-e-balconi-in-maniera-efficace\/\">Leggi di pi\u00f9<i class=\"icon-faktorie-right-arrow\"><\/i><\/a>\r\n          \t<\/div>\t\r\n          \t\t\t<\/div>\r\n\t<\/div>\r\n<\/div><div id=\"post-14817\" class=\"blog-layout-2 wow fadeInUp post-14817 post type-post status-publish format-standard has-post-thumbnail hentry category-non-classifiee\" data-wow-duration=\"1.5s\">\r\n\t<div class=\"blog-box show-image no-preview\">\r\n\t\t<div class=\"blog-img-holder\">\r\n\t\t\t<div class=\"blog-img\">\r\n\t\t\t\t\t\t\t\t\t\t\t\t\t\t\t<a href=\"https:\/\/www.futuraeurope.com\/fr\/blog\/come-creare-scenografie-teatrali-magiche-tutto-sui-materiali\/\" class=\"img-opacity-hover\">\t\t\t\t\t\t\t<img decoding=\"async\" width=\"960\" height=\"520\" src=\"https:\/\/www.futuraeurope.com\/wp-content\/uploads\/2023\/10\/come-creare-scenografie-teatrali-960x520.jpg\" class=\"img-responsive wp-post-image\" alt=\"come-creare-scenografie-teatrali\" \/>\t\t\t\t\t\t\t\t\t\t\t\t\t<\/a>\r\n\t\t\t\t\t\t\t<\/div>\t\t\t\t\r\n\t\t<\/div>\r\n\t\t<div class=\"entry-content\">\r\n\t\t\t\t\t\t\t\t\t<h2 class=\"entry-title\"><a href=\"https:\/\/www.futuraeurope.com\/fr\/blog\/come-creare-scenografie-teatrali-magiche-tutto-sui-materiali\/\">Come creare scenografie teatrali magiche: tutto sui materiali<\/a><\/h2>\r\n\t\t\t\t\t\t<div class=\"entry-text\"><p>Come creare scenografie teatrali che siano belle e resistenti con materiali innovativi Il teatro e il cinema sono forme d\u2019arte.<\/p><\/div>\r\n\t\t\t\t\r\n\t\t\t\t\t\t<div class=\"post-read-more\"><a class=\"button-style-3 btn-common\" href=\"https:\/\/www.futuraeurope.com\/fr\/blog\/come-creare-scenografie-teatrali-magiche-tutto-sui-materiali\/\">Leggi di pi\u00f9<i class=\"icon-faktorie-right-arrow\"><\/i><\/a>\r\n          \t<\/div>\t\r\n          \t\t\t<\/div>\r\n\t<\/div>\r\n<\/div><div id=\"post-14819\" class=\"blog-layout-2 wow fadeInUp post-14819 post type-post status-publish format-standard has-post-thumbnail hentry category-non-classifiee\" data-wow-duration=\"1.5s\">\r\n\t<div class=\"blog-box show-image no-preview\">\r\n\t\t<div class=\"blog-img-holder\">\r\n\t\t\t<div class=\"blog-img\">\r\n\t\t\t\t\t\t\t\t\t\t\t\t\t\t\t<a href=\"https:\/\/www.futuraeurope.com\/fr\/blog\/come-spruzzare-la-poliurea-e-perche-fare-un-corso-professionalizzante\/\" class=\"img-opacity-hover\">\t\t\t\t\t\t\t<img decoding=\"async\" width=\"960\" height=\"520\" src=\"https:\/\/www.futuraeurope.com\/wp-content\/uploads\/2023\/09\/come-spruzzare-poliurea-1-960x520.jpg\" class=\"img-responsive wp-post-image\" alt=\"\" \/>\t\t\t\t\t\t\t\t\t\t\t\t\t<\/a>\r\n\t\t\t\t\t\t\t<\/div>\t\t\t\t\r\n\t\t<\/div>\r\n\t\t<div class=\"entry-content\">\r\n\t\t\t\t\t\t\t\t\t<h2 class=\"entry-title\"><a href=\"https:\/\/www.futuraeurope.com\/fr\/blog\/come-spruzzare-la-poliurea-e-perche-fare-un-corso-professionalizzante\/\">Come spruzzare la poliurea e perch\u00e9 fare un corso professionalizzante?\u00a0<\/a><\/h2>\r\n\t\t\t\t\t\t<div class=\"entry-text\"><p>Una tecnologia all\u2019avanguardia: ecco come spruzzare la poliurea e diventare un professionista\u00a0\u00a0 Se lavori nel settore dell\u2019edilizia avrai senz\u2019altro sentito.<\/p><\/div>\r\n\t\t\t\t\r\n\t\t\t\t\t\t<div class=\"post-read-more\"><a class=\"button-style-3 btn-common\" href=\"https:\/\/www.futuraeurope.com\/fr\/blog\/come-spruzzare-la-poliurea-e-perche-fare-un-corso-professionalizzante\/\">Leggi di pi\u00f9<i class=\"icon-faktorie-right-arrow\"><\/i><\/a>\r\n          \t<\/div>\t\r\n          \t\t\t<\/div>\r\n\t<\/div>\r\n<\/div><div id=\"post-14821\" class=\"blog-layout-2 wow fadeInUp post-14821 post type-post status-publish format-standard has-post-thumbnail hentry category-non-classifiee\" data-wow-duration=\"1.5s\">\r\n\t<div class=\"blog-box show-image no-preview\">\r\n\t\t<div class=\"blog-img-holder\">\r\n\t\t\t<div class=\"blog-img\">\r\n\t\t\t\t\t\t\t\t\t\t\t\t\t\t\t<a href=\"https:\/\/www.futuraeurope.com\/fr\/blog\/ecco-perche-la-poliurea-e-il-miglior-impermeabilizzante\/\" class=\"img-opacity-hover\">\t\t\t\t\t\t\t<img loading=\"lazy\" decoding=\"async\" width=\"960\" height=\"520\" src=\"https:\/\/www.futuraeurope.com\/wp-content\/uploads\/2023\/09\/miglior-impermeabilizzante-960x520.jpg\" class=\"img-responsive wp-post-image\" alt=\"\" \/>\t\t\t\t\t\t\t\t\t\t\t\t\t<\/a>\r\n\t\t\t\t\t\t\t<\/div>\t\t\t\t\r\n\t\t<\/div>\r\n\t\t<div class=\"entry-content\">\r\n\t\t\t\t\t\t\t\t\t<h2 class=\"entry-title\"><a href=\"https:\/\/www.futuraeurope.com\/fr\/blog\/ecco-perche-la-poliurea-e-il-miglior-impermeabilizzante\/\">Ecco perch\u00e9 la poliurea \u00e8 il miglior impermeabilizzante<\/a><\/h2>\r\n\t\t\t\t\t\t<div class=\"entry-text\"><p>Tutto quello che c\u2019\u00e8 da sapere sul miglior impermeabilizzante e le sue applicazioni Quante volte hai effettuato dei sopralluoghi e.<\/p><\/div>\r\n\t\t\t\t\r\n\t\t\t\t\t\t<div class=\"post-read-more\"><a class=\"button-style-3 btn-common\" href=\"https:\/\/www.futuraeurope.com\/fr\/blog\/ecco-perche-la-poliurea-e-il-miglior-impermeabilizzante\/\">Leggi di pi\u00f9<i class=\"icon-faktorie-right-arrow\"><\/i><\/a>\r\n          \t<\/div>\t\r\n          \t\t\t<\/div>\r\n\t<\/div>\r\n<\/div><div id=\"post-14823\" class=\"blog-layout-2 wow fadeInUp post-14823 post type-post status-publish format-standard has-post-thumbnail hentry category-non-classifiee\" data-wow-duration=\"1.5s\">\r\n\t<div class=\"blog-box show-image no-preview\">\r\n\t\t<div class=\"blog-img-holder\">\r\n\t\t\t<div class=\"blog-img\">\r\n\t\t\t\t\t\t\t\t\t\t\t\t\t\t\t<a href=\"https:\/\/www.futuraeurope.com\/fr\/blog\/come-isolare-acusticamente-una-parete-con-il-poliuretano-espanso\/\" class=\"img-opacity-hover\">\t\t\t\t\t\t\t<img loading=\"lazy\" decoding=\"async\" width=\"960\" height=\"520\" src=\"https:\/\/www.futuraeurope.com\/wp-content\/uploads\/2023\/09\/come-isolare-acusticamente-una-parete-960x520.jpg\" class=\"img-responsive wp-post-image\" alt=\"\" \/>\t\t\t\t\t\t\t\t\t\t\t\t\t<\/a>\r\n\t\t\t\t\t\t\t<\/div>\t\t\t\t\r\n\t\t<\/div>\r\n\t\t<div class=\"entry-content\">\r\n\t\t\t\t\t\t\t\t\t<h2 class=\"entry-title\"><a href=\"https:\/\/www.futuraeurope.com\/fr\/blog\/come-isolare-acusticamente-una-parete-con-il-poliuretano-espanso\/\">Come isolare acusticamente una parete con il poliuretano espanso<\/a><\/h2>\r\n\t\t\t\t\t\t<div class=\"entry-text\"><p>Rumori e comfort abitativo: ecco come isolare acusticamente una parete in modo efficace Oggigiorno, pi\u00f9 che mai, il frastuono che.<\/p><\/div>\r\n\t\t\t\t\r\n\t\t\t\t\t\t<div class=\"post-read-more\"><a class=\"button-style-3 btn-common\" href=\"https:\/\/www.futuraeurope.com\/fr\/blog\/come-isolare-acusticamente-una-parete-con-il-poliuretano-espanso\/\">Leggi di pi\u00f9<i class=\"icon-faktorie-right-arrow\"><\/i><\/a>\r\n          \t<\/div>\t\r\n          \t\t\t<\/div>\r\n\t<\/div>\r\n<\/div><div id=\"post-14825\" class=\"blog-layout-2 wow fadeInUp post-14825 post type-post status-publish format-standard has-post-thumbnail hentry category-non-classifiee\" data-wow-duration=\"1.5s\">\r\n\t<div class=\"blog-box show-image no-preview\">\r\n\t\t<div class=\"blog-img-holder\">\r\n\t\t\t<div class=\"blog-img\">\r\n\t\t\t\t\t\t\t\t\t\t\t\t\t\t\t<a href=\"https:\/\/www.futuraeurope.com\/fr\/blog\/edilizia-green-qual-e-la-differenza-tra-poliurea-e-poliuretano\/\" class=\"img-opacity-hover\">\t\t\t\t\t\t\t<img loading=\"lazy\" decoding=\"async\" width=\"960\" height=\"520\" src=\"https:\/\/www.futuraeurope.com\/wp-content\/uploads\/2023\/09\/differenza-poliurea-e-poliuretano-960x520.jpg\" class=\"img-responsive wp-post-image\" alt=\"\" \/>\t\t\t\t\t\t\t\t\t\t\t\t\t<\/a>\r\n\t\t\t\t\t\t\t<\/div>\t\t\t\t\r\n\t\t<\/div>\r\n\t\t<div class=\"entry-content\">\r\n\t\t\t\t\t\t\t\t\t<h2 class=\"entry-title\"><a href=\"https:\/\/www.futuraeurope.com\/fr\/blog\/edilizia-green-qual-e-la-differenza-tra-poliurea-e-poliuretano\/\">Edilizia green: qual \u00e8 la differenza tra poliurea e poliuretano?<\/a><\/h2>\r\n\t\t\t\t\t\t<div class=\"entry-text\"><p>Preziosi alleati dei professionisti e dell\u2019ambiente: ecco la differenza tra poliurea e poliuretano Quante volte ti viene richiesto di risolvere.<\/p><\/div>\r\n\t\t\t\t\r\n\t\t\t\t\t\t<div class=\"post-read-more\"><a class=\"button-style-3 btn-common\" href=\"https:\/\/www.futuraeurope.com\/fr\/blog\/edilizia-green-qual-e-la-differenza-tra-poliurea-e-poliuretano\/\">Leggi di pi\u00f9<i class=\"icon-faktorie-right-arrow\"><\/i><\/a>\r\n          \t<\/div>\t\r\n          \t\t\t<\/div>\r\n\t<\/div>\r\n<\/div><div id=\"post-14829\" class=\"blog-layout-2 wow fadeInUp post-14829 post type-post status-publish format-standard has-post-thumbnail hentry category-non-classifiee\" data-wow-duration=\"1.5s\">\r\n\t<div class=\"blog-box show-image no-preview\">\r\n\t\t<div class=\"blog-img-holder\">\r\n\t\t\t<div class=\"blog-img\">\r\n\t\t\t\t\t\t\t\t\t\t\t\t\t\t\t<a href=\"https:\/\/www.futuraeurope.com\/fr\/blog\/corso-certificazione-del-personale\/\" class=\"img-opacity-hover\">\t\t\t\t\t\t\t<img loading=\"lazy\" decoding=\"async\" width=\"960\" height=\"520\" src=\"https:\/\/www.futuraeurope.com\/wp-content\/uploads\/2022\/09\/xcorsi-1.jpg.pagespeed.ic_.Nh1h_MM5TX-960x520.webp\" class=\"img-responsive wp-post-image\" alt=\"\" \/>\t\t\t\t\t\t\t\t\t\t\t\t\t<\/a>\r\n\t\t\t\t\t\t\t<\/div>\t\t\t\t\r\n\t\t<\/div>\r\n\t\t<div class=\"entry-content\">\r\n\t\t\t\t\t\t\t\t\t<h2 class=\"entry-title\"><a href=\"https:\/\/www.futuraeurope.com\/fr\/blog\/corso-certificazione-del-personale\/\">CORSO CERTIFICAZIONE DEL PERSONALE<\/a><\/h2>\r\n\t\t\t\t\t\t<div class=\"entry-text\"><p>Il corso \u00e8 organizzato da FUTURA EUROPE Srl, societ\u00e0 certificata ISO 9001, in collaborazione con Istituto Giordano, Ente di Certificazione.<\/p><\/div>\r\n\t\t\t\t\r\n\t\t\t\t\t\t<div class=\"post-read-more\"><a class=\"button-style-3 btn-common\" href=\"https:\/\/www.futuraeurope.com\/fr\/blog\/corso-certificazione-del-personale\/\">Leggi di pi\u00f9<i class=\"icon-faktorie-right-arrow\"><\/i><\/a>\r\n          \t<\/div>\t\r\n          \t\t\t<\/div>\r\n\t<\/div>\r\n<\/div><div id=\"post-14831\" class=\"blog-layout-2 wow fadeInUp post-14831 post type-post status-publish format-standard has-post-thumbnail hentry category-non-classifiee\" data-wow-duration=\"1.5s\">\r\n\t<div class=\"blog-box show-image no-preview\">\r\n\t\t<div class=\"blog-img-holder\">\r\n\t\t\t<div class=\"blog-img\">\r\n\t\t\t\t\t\t\t\t\t\t\t\t\t\t\t<a href=\"https:\/\/www.futuraeurope.com\/fr\/blog\/futura-europecorsi-certificazione-del-personale\/\" class=\"img-opacity-hover\">\t\t\t\t\t\t\t<img loading=\"lazy\" decoding=\"async\" width=\"960\" height=\"520\" src=\"https:\/\/www.futuraeurope.com\/wp-content\/uploads\/2022\/09\/futura-post-1-960x520.png\" class=\"img-responsive wp-post-image\" alt=\"\" \/>\t\t\t\t\t\t\t\t\t\t\t\t\t<\/a>\r\n\t\t\t\t\t\t\t<\/div>\t\t\t\t\r\n\t\t<\/div>\r\n\t\t<div class=\"entry-content\">\r\n\t\t\t\t\t\t\t\t\t<h2 class=\"entry-title\"><a href=\"https:\/\/www.futuraeurope.com\/fr\/blog\/futura-europecorsi-certificazione-del-personale\/\">FUTURA EUROPE al Convegno &#8220;Strumenti e Tecnologie innovativi per l\u2019edilizia&#8221;<\/a><\/h2>\r\n\t\t\t\t\t\t<div class=\"entry-text\"><p>FUTURA EUROPE \u00e8 lieta di annunciare la sua presenza al convegno \u201cStrumenti e Tecnologie innovativi per l\u2019edilizia\u201d che si terr\u00e0.<\/p><\/div>\r\n\t\t\t\t\r\n\t\t\t\t\t\t<div class=\"post-read-more\"><a class=\"button-style-3 btn-common\" href=\"https:\/\/www.futuraeurope.com\/fr\/blog\/futura-europecorsi-certificazione-del-personale\/\">Leggi di pi\u00f9<i class=\"icon-faktorie-right-arrow\"><\/i><\/a>\r\n          \t<\/div>\t\r\n          \t\t\t<\/div>\r\n\t<\/div>\r\n<\/div><\/div><div class=\"pagination-area-blog\"><span aria-current=\"page\" class=\"page-numbers current\">1<\/span>\n<a class=\"page-numbers\" href=\"https:\/\/www.futuraeurope.com\/fr\/wp-json\/wp\/v2\/pages\/15118\/page\/2\/\">2<\/a>\n<a class=\"next page-numbers\" href=\"https:\/\/www.futuraeurope.com\/fr\/wp-json\/wp\/v2\/pages\/15118\/page\/2\/\">&raquo;<\/a><\/div><\/div>\n\t\t\t\t<\/div>\n\t\t\t\t<\/div>\n\t\t\t\t\t<\/div>\n\t\t<\/div>\n\t\t\t\t\t<\/div>\n\t\t<\/section>\n\t\t\t\t<\/div>\n\t\t","protected":false},"excerpt":{"rendered":"<p>Le secteur de la construction, et plus particuli\u00e8rement celui de l\u2019imperm\u00e9abilisation et de l\u2019isolation, est en constante \u00e9volution. Chez Futura Europe, nous sommes toujours engag\u00e9s dans la recherche et la formation pour garantir aux entreprises et aux professionnels des mat\u00e9riaux et des \u00e9quipements de pointe.\u00a0 Dans cet espace, vous aurez l\u2019occasion de vous tenir au [&hellip;]<\/p>\n","protected":false},"author":1,"featured_media":0,"parent":0,"menu_order":0,"comment_status":"closed","ping_status":"closed","template":"page-template\/template-archive-2.php","meta":{"footnotes":""},"class_list":["post-15118","page","type-page","status-publish","hentry"],"yoast_head":"<!-- This site is optimized with the Yoast SEO plugin v23.6 - https:\/\/yoast.com\/wordpress\/plugins\/seo\/ -->\n<title>Blog - Futura Europe<\/title>\n<meta name=\"robots\" content=\"index, follow, max-snippet:-1, max-image-preview:large, max-video-preview:-1\" \/>\n<link rel=\"canonical\" href=\"https:\/\/www.futuraeurope.com\/fr\/blog-fr\/\" \/>\n<meta property=\"og:locale\" content=\"fr_FR\" \/>\n<meta property=\"og:type\" content=\"article\" \/>\n<meta property=\"og:title\" content=\"Blog - Futura Europe\" \/>\n<meta property=\"og:description\" content=\"Le secteur de la construction, et plus particuli\u00e8rement celui de l\u2019imperm\u00e9abilisation et de l\u2019isolation, est en constante \u00e9volution. Chez Futura Europe, nous sommes toujours engag\u00e9s dans la recherche et la formation pour garantir aux entreprises et aux professionnels des mat\u00e9riaux et des \u00e9quipements de pointe.\u00a0 Dans cet espace, vous aurez l\u2019occasion de vous tenir au [&hellip;]\" \/>\n<meta property=\"og:url\" content=\"https:\/\/www.futuraeurope.com\/fr\/blog-fr\/\" \/>\n<meta property=\"og:site_name\" content=\"Futura Europe\" \/>\n<meta property=\"article:modified_time\" content=\"2024-10-03T09:45:34+00:00\" \/>\n<meta name=\"twitter:card\" content=\"summary_large_image\" \/>\n<meta name=\"twitter:label1\" content=\"Dur\u00e9e de lecture estim\u00e9e\" \/>\n\t<meta name=\"twitter:data1\" content=\"1 minute\" \/>\n<script type=\"application\/ld+json\" class=\"yoast-schema-graph\">{\"@context\":\"https:\/\/schema.org\",\"@graph\":[{\"@type\":\"WebPage\",\"@id\":\"https:\/\/www.futuraeurope.com\/fr\/blog-fr\/\",\"url\":\"https:\/\/www.futuraeurope.com\/fr\/blog-fr\/\",\"name\":\"Blog - Futura Europe\",\"isPartOf\":{\"@id\":\"https:\/\/www.futuraeurope.com\/fr\/#website\"},\"datePublished\":\"2023-02-07T03:50:03+00:00\",\"dateModified\":\"2024-10-03T09:45:34+00:00\",\"breadcrumb\":{\"@id\":\"https:\/\/www.futuraeurope.com\/fr\/blog-fr\/#breadcrumb\"},\"inLanguage\":\"fr-FR\",\"potentialAction\":[{\"@type\":\"ReadAction\",\"target\":[\"https:\/\/www.futuraeurope.com\/fr\/blog-fr\/\"]}]},{\"@type\":\"BreadcrumbList\",\"@id\":\"https:\/\/www.futuraeurope.com\/fr\/blog-fr\/#breadcrumb\",\"itemListElement\":[{\"@type\":\"ListItem\",\"position\":1,\"name\":\"Home\",\"item\":\"https:\/\/www.futuraeurope.com\/fr\/\"},{\"@type\":\"ListItem\",\"position\":2,\"name\":\"Blog\"}]},{\"@type\":\"WebSite\",\"@id\":\"https:\/\/www.futuraeurope.com\/fr\/#website\",\"url\":\"https:\/\/www.futuraeurope.com\/fr\/\",\"name\":\"Futura Europe\",\"description\":\"Vendita e produzione di macchine per poliurea e poliuretano\",\"potentialAction\":[{\"@type\":\"SearchAction\",\"target\":{\"@type\":\"EntryPoint\",\"urlTemplate\":\"https:\/\/www.futuraeurope.com\/fr\/?s={search_term_string}\"},\"query-input\":{\"@type\":\"PropertyValueSpecification\",\"valueRequired\":true,\"valueName\":\"search_term_string\"}}],\"inLanguage\":\"fr-FR\"}]}<\/script>\n<!-- \/ Yoast SEO plugin. -->","yoast_head_json":{"title":"Blog - Futura Europe","robots":{"index":"index","follow":"follow","max-snippet":"max-snippet:-1","max-image-preview":"max-image-preview:large","max-video-preview":"max-video-preview:-1"},"canonical":"https:\/\/www.futuraeurope.com\/fr\/blog-fr\/","og_locale":"fr_FR","og_type":"article","og_title":"Blog - Futura Europe","og_description":"Le secteur de la construction, et plus particuli\u00e8rement celui de l\u2019imperm\u00e9abilisation et de l\u2019isolation, est en constante \u00e9volution. Chez Futura Europe, nous sommes toujours engag\u00e9s dans la recherche et la formation pour garantir aux entreprises et aux professionnels des mat\u00e9riaux et des \u00e9quipements de pointe.\u00a0 Dans cet espace, vous aurez l\u2019occasion de vous tenir au [&hellip;]","og_url":"https:\/\/www.futuraeurope.com\/fr\/blog-fr\/","og_site_name":"Futura Europe","article_modified_time":"2024-10-03T09:45:34+00:00","twitter_card":"summary_large_image","twitter_misc":{"Dur\u00e9e de lecture estim\u00e9e":"1 minute"},"schema":{"@context":"https:\/\/schema.org","@graph":[{"@type":"WebPage","@id":"https:\/\/www.futuraeurope.com\/fr\/blog-fr\/","url":"https:\/\/www.futuraeurope.com\/fr\/blog-fr\/","name":"Blog - Futura Europe","isPartOf":{"@id":"https:\/\/www.futuraeurope.com\/fr\/#website"},"datePublished":"2023-02-07T03:50:03+00:00","dateModified":"2024-10-03T09:45:34+00:00","breadcrumb":{"@id":"https:\/\/www.futuraeurope.com\/fr\/blog-fr\/#breadcrumb"},"inLanguage":"fr-FR","potentialAction":[{"@type":"ReadAction","target":["https:\/\/www.futuraeurope.com\/fr\/blog-fr\/"]}]},{"@type":"BreadcrumbList","@id":"https:\/\/www.futuraeurope.com\/fr\/blog-fr\/#breadcrumb","itemListElement":[{"@type":"ListItem","position":1,"name":"Home","item":"https:\/\/www.futuraeurope.com\/fr\/"},{"@type":"ListItem","position":2,"name":"Blog"}]},{"@type":"WebSite","@id":"https:\/\/www.futuraeurope.com\/fr\/#website","url":"https:\/\/www.futuraeurope.com\/fr\/","name":"Futura Europe","description":"Vendita e produzione di macchine per poliurea e poliuretano","potentialAction":[{"@type":"SearchAction","target":{"@type":"EntryPoint","urlTemplate":"https:\/\/www.futuraeurope.com\/fr\/?s={search_term_string}"},"query-input":{"@type":"PropertyValueSpecification","valueRequired":true,"valueName":"search_term_string"}}],"inLanguage":"fr-FR"}]}},"_links":{"self":[{"href":"https:\/\/www.futuraeurope.com\/fr\/wp-json\/wp\/v2\/pages\/15118"}],"collection":[{"href":"https:\/\/www.futuraeurope.com\/fr\/wp-json\/wp\/v2\/pages"}],"about":[{"href":"https:\/\/www.futuraeurope.com\/fr\/wp-json\/wp\/v2\/types\/page"}],"author":[{"embeddable":true,"href":"https:\/\/www.futuraeurope.com\/fr\/wp-json\/wp\/v2\/users\/1"}],"replies":[{"embeddable":true,"href":"https:\/\/www.futuraeurope.com\/fr\/wp-json\/wp\/v2\/comments?post=15118"}],"version-history":[{"count":1,"href":"https:\/\/www.futuraeurope.com\/fr\/wp-json\/wp\/v2\/pages\/15118\/revisions"}],"predecessor-version":[{"id":17620,"href":"https:\/\/www.futuraeurope.com\/fr\/wp-json\/wp\/v2\/pages\/15118\/revisions\/17620"}],"wp:attachment":[{"href":"https:\/\/www.futuraeurope.com\/fr\/wp-json\/wp\/v2\/media?parent=15118"}],"curies":[{"name":"wp","href":"https:\/\/api.w.org\/{rel}","templated":true}]}}