{"id":15331,"date":"2023-07-21T10:57:32","date_gmt":"2023-07-21T10:57:32","guid":{"rendered":"https:\/\/www.futuraeurope.com\/product\/fasce-scaldafusto\/"},"modified":"2023-10-26T14:50:30","modified_gmt":"2023-10-26T14:50:30","slug":"fasce-scaldafusto","status":"publish","type":"product","link":"https:\/\/www.futuraeurope.com\/fr\/magasin\/bandes-chauffantes-pour-tambour\/","title":{"rendered":"BANDES CHAUFFANTES POUR TAMBOUR"},"content":{"rendered":"<p><strong>Bande chauffante pour f\u00fbts<\/strong> en silicone recouverte de fibre de verre \u00e0 usage industriel adapt\u00e9e aux f\u00fbts m\u00e9talliques disponible en trois tailles : f\u00fbts de 20 litres, 60 litres et 200 litres.<\/p>\n<p><strong>Facile \u00e0 appliquer<\/strong>, gr\u00e2ce aux ressorts de tension, la bande adh\u00e8re parfaitement au f\u00fbt, <strong>permettant de r\u00e9chauffer uniform\u00e9ment les liquides<\/strong> contenus.<br \/>\nPeut \u00eatre utilis\u00e9 pour chauffer divers produits, tels que : polyur\u00e9es, peintures, paraffines, huiles, graisses, adh\u00e9sifs, produits alimentaires divers.<\/p>\n<p>Quelques <strong>exemples d\u2019applications typiques<\/strong>:<br \/>\n\u2022 Fusion ou pr\u00e9chauffage des ingr\u00e9dients du proc\u00e9d\u00e9<br \/>\n\u2022 Contr\u00f4le de la viscosit\u00e9 ou de la temp\u00e9rature du produit<br \/>\n\u2022 Protection contre le gel<br \/>\n\u2022 Augmentation du d\u00e9bit de liquide<br \/>\n\u2022 Favoriser la solution et r\u00e9duire les r\u00e9sidus du m\u00e9lange contenu<br \/>\n\u2022 Maintien de la temp\u00e9rature du liquide dans les syst\u00e8mes de purification d\u2019eau<br \/>\n\u2022 Maintien des r\u00e9sines \u00e0 la bonne temp\u00e9rature de traitement<br \/>\n\u2022 Maintien de la viscosit\u00e9 des colles pendant les phases de mise en \u0153uvre.<\/p>\n<p><strong>Caract\u00e9ristiques<\/strong>:<br \/>\n\u2022 Alimentation : V 230\/1<br \/>\n\u2022 Puissance install\u00e9e\u00a0:\u00a0max 1\u00a0500\u00a0W<br \/>\n\u2022 Isolation thermique : fibre de verre incorpor\u00e9e dans du caoutchouc silicone<br \/>\n\u2022 Thermostat : r\u00e9glable de 0 \u00b0C \u00e0 130 \u00b0C<br \/>\n\u2022 Dimensions : 1710x h 100 mm<br \/>\n\u2022 Fermeture : avec crochets \u00e0 ressort de tension extensibles<br \/>\n\u2022 C\u00e2ble d\u2019alimentation : 1,5 m de long avec prise industrielle<\/p>\n","protected":false},"excerpt":{"rendered":"<p>Bande chauffante pour f\u00fbts en silicone recouverte de fibre de verre \u00e0 usage industriel adapt\u00e9e aux f\u00fbts m\u00e9talliques disponible en trois tailles : f\u00fbts de 20 litres, 60 litres et 200 litres.<br \/>\nFacile \u00e0 appliquer, gr\u00e2ce aux ressorts de tension, la bande adh\u00e8re parfaitement au f\u00fbt, permettant de r\u00e9chauffer uniform\u00e9ment les liquides contenus.<br \/>\nPeut \u00eatre utilis\u00e9 pour chauffer divers produits, tels que : polyur\u00e9es, peintures, paraffines, huiles, graisses, adh\u00e9sifs, produits alimentaires divers.<\/p>\n","protected":false},"featured_media":14172,"menu_order":0,"template":"","meta":[],"product_cat":[144],"product_tag":[],"class_list":{"0":"post-15331","1":"product","2":"type-product","3":"status-publish","4":"has-post-thumbnail","6":"product_cat-accessoires-fr","8":"first","9":"instock","10":"sale","11":"taxable","12":"shipping-taxable","13":"purchasable","14":"product-type-variable"},"yoast_head":"<!-- This site is optimized with the Yoast SEO plugin v23.6 - https:\/\/yoast.com\/wordpress\/plugins\/seo\/ -->\n<title>BANDES CHAUFFANTES POUR TAMBOUR - Futura Europe<\/title>\n<meta name=\"robots\" content=\"index, follow, max-snippet:-1, max-image-preview:large, max-video-preview:-1\" \/>\n<link rel=\"canonical\" href=\"https:\/\/www.futuraeurope.com\/fr\/magasin\/bandes-chauffantes-pour-tambour\/\" \/>\n<meta property=\"og:locale\" content=\"fr_FR\" \/>\n<meta property=\"og:type\" content=\"article\" \/>\n<meta property=\"og:title\" content=\"BANDES CHAUFFANTES POUR TAMBOUR - Futura Europe\" \/>\n<meta property=\"og:description\" content=\"Bande chauffante pour f\u00fbts en silicone recouverte de fibre de verre \u00e0 usage industriel adapt\u00e9e aux f\u00fbts m\u00e9talliques disponible en trois tailles : f\u00fbts de 20 litres, 60 litres et 200 litres. Facile \u00e0 appliquer, gr\u00e2ce aux ressorts de tension, la bande adh\u00e8re parfaitement au f\u00fbt, permettant de r\u00e9chauffer uniform\u00e9ment les liquides contenus. Peut \u00eatre utilis\u00e9 pour chauffer divers produits, tels que : polyur\u00e9es, peintures, paraffines, huiles, graisses, adh\u00e9sifs, produits alimentaires divers.\" \/>\n<meta property=\"og:url\" content=\"https:\/\/www.futuraeurope.com\/fr\/magasin\/bandes-chauffantes-pour-tambour\/\" \/>\n<meta property=\"og:site_name\" content=\"Futura Europe\" \/>\n<meta property=\"article:modified_time\" content=\"2023-10-26T14:50:30+00:00\" \/>\n<meta property=\"og:image\" content=\"https:\/\/www.futuraeurope.com\/wp-content\/uploads\/2023\/06\/Fasce-scaldafusto-cover.jpg\" \/>\n\t<meta property=\"og:image:width\" content=\"1000\" \/>\n\t<meta property=\"og:image:height\" content=\"1000\" \/>\n\t<meta property=\"og:image:type\" content=\"image\/jpeg\" \/>\n<meta name=\"twitter:card\" content=\"summary_large_image\" \/>\n<meta name=\"twitter:label1\" content=\"Dur\u00e9e de lecture estim\u00e9e\" \/>\n\t<meta name=\"twitter:data1\" content=\"2 minutes\" \/>\n<script type=\"application\/ld+json\" class=\"yoast-schema-graph\">{\"@context\":\"https:\/\/schema.org\",\"@graph\":[{\"@type\":\"WebPage\",\"@id\":\"https:\/\/www.futuraeurope.com\/fr\/magasin\/bandes-chauffantes-pour-tambour\/\",\"url\":\"https:\/\/www.futuraeurope.com\/fr\/magasin\/bandes-chauffantes-pour-tambour\/\",\"name\":\"BANDES CHAUFFANTES POUR TAMBOUR - Futura Europe\",\"isPartOf\":{\"@id\":\"https:\/\/www.futuraeurope.com\/fr\/#website\"},\"primaryImageOfPage\":{\"@id\":\"https:\/\/www.futuraeurope.com\/fr\/magasin\/bandes-chauffantes-pour-tambour\/#primaryimage\"},\"image\":{\"@id\":\"https:\/\/www.futuraeurope.com\/fr\/magasin\/bandes-chauffantes-pour-tambour\/#primaryimage\"},\"thumbnailUrl\":\"https:\/\/www.futuraeurope.com\/wp-content\/uploads\/2023\/06\/Fasce-scaldafusto-cover.jpg\",\"datePublished\":\"2023-07-21T10:57:32+00:00\",\"dateModified\":\"2023-10-26T14:50:30+00:00\",\"breadcrumb\":{\"@id\":\"https:\/\/www.futuraeurope.com\/fr\/magasin\/bandes-chauffantes-pour-tambour\/#breadcrumb\"},\"inLanguage\":\"fr-FR\",\"potentialAction\":[{\"@type\":\"ReadAction\",\"target\":[\"https:\/\/www.futuraeurope.com\/fr\/magasin\/bandes-chauffantes-pour-tambour\/\"]}]},{\"@type\":\"ImageObject\",\"inLanguage\":\"fr-FR\",\"@id\":\"https:\/\/www.futuraeurope.com\/fr\/magasin\/bandes-chauffantes-pour-tambour\/#primaryimage\",\"url\":\"https:\/\/www.futuraeurope.com\/wp-content\/uploads\/2023\/06\/Fasce-scaldafusto-cover.jpg\",\"contentUrl\":\"https:\/\/www.futuraeurope.com\/wp-content\/uploads\/2023\/06\/Fasce-scaldafusto-cover.jpg\",\"width\":1000,\"height\":1000},{\"@type\":\"BreadcrumbList\",\"@id\":\"https:\/\/www.futuraeurope.com\/fr\/magasin\/bandes-chauffantes-pour-tambour\/#breadcrumb\",\"itemListElement\":[{\"@type\":\"ListItem\",\"position\":1,\"name\":\"Home\",\"item\":\"https:\/\/www.futuraeurope.com\/fr\/\"},{\"@type\":\"ListItem\",\"position\":2,\"name\":\"Prodotti\",\"item\":\"https:\/\/www.futuraeurope.com\/shop\/\"},{\"@type\":\"ListItem\",\"position\":3,\"name\":\"BANDES CHAUFFANTES POUR TAMBOUR\"}]},{\"@type\":\"WebSite\",\"@id\":\"https:\/\/www.futuraeurope.com\/fr\/#website\",\"url\":\"https:\/\/www.futuraeurope.com\/fr\/\",\"name\":\"Futura Europe\",\"description\":\"Vendita e produzione di macchine per poliurea e poliuretano\",\"potentialAction\":[{\"@type\":\"SearchAction\",\"target\":{\"@type\":\"EntryPoint\",\"urlTemplate\":\"https:\/\/www.futuraeurope.com\/fr\/?s={search_term_string}\"},\"query-input\":{\"@type\":\"PropertyValueSpecification\",\"valueRequired\":true,\"valueName\":\"search_term_string\"}}],\"inLanguage\":\"fr-FR\"}]}<\/script>\n<!-- \/ Yoast SEO plugin. -->","yoast_head_json":{"title":"BANDES CHAUFFANTES POUR TAMBOUR - Futura Europe","robots":{"index":"index","follow":"follow","max-snippet":"max-snippet:-1","max-image-preview":"max-image-preview:large","max-video-preview":"max-video-preview:-1"},"canonical":"https:\/\/www.futuraeurope.com\/fr\/magasin\/bandes-chauffantes-pour-tambour\/","og_locale":"fr_FR","og_type":"article","og_title":"BANDES CHAUFFANTES POUR TAMBOUR - Futura Europe","og_description":"Bande chauffante pour f\u00fbts en silicone recouverte de fibre de verre \u00e0 usage industriel adapt\u00e9e aux f\u00fbts m\u00e9talliques disponible en trois tailles : f\u00fbts de 20 litres, 60 litres et 200 litres. Facile \u00e0 appliquer, gr\u00e2ce aux ressorts de tension, la bande adh\u00e8re parfaitement au f\u00fbt, permettant de r\u00e9chauffer uniform\u00e9ment les liquides contenus. Peut \u00eatre utilis\u00e9 pour chauffer divers produits, tels que : polyur\u00e9es, peintures, paraffines, huiles, graisses, adh\u00e9sifs, produits alimentaires divers.","og_url":"https:\/\/www.futuraeurope.com\/fr\/magasin\/bandes-chauffantes-pour-tambour\/","og_site_name":"Futura Europe","article_modified_time":"2023-10-26T14:50:30+00:00","og_image":[{"width":1000,"height":1000,"url":"https:\/\/www.futuraeurope.com\/wp-content\/uploads\/2023\/06\/Fasce-scaldafusto-cover.jpg","type":"image\/jpeg"}],"twitter_card":"summary_large_image","twitter_misc":{"Dur\u00e9e de lecture estim\u00e9e":"2 minutes"},"schema":{"@context":"https:\/\/schema.org","@graph":[{"@type":"WebPage","@id":"https:\/\/www.futuraeurope.com\/fr\/magasin\/bandes-chauffantes-pour-tambour\/","url":"https:\/\/www.futuraeurope.com\/fr\/magasin\/bandes-chauffantes-pour-tambour\/","name":"BANDES CHAUFFANTES POUR TAMBOUR - Futura Europe","isPartOf":{"@id":"https:\/\/www.futuraeurope.com\/fr\/#website"},"primaryImageOfPage":{"@id":"https:\/\/www.futuraeurope.com\/fr\/magasin\/bandes-chauffantes-pour-tambour\/#primaryimage"},"image":{"@id":"https:\/\/www.futuraeurope.com\/fr\/magasin\/bandes-chauffantes-pour-tambour\/#primaryimage"},"thumbnailUrl":"https:\/\/www.futuraeurope.com\/wp-content\/uploads\/2023\/06\/Fasce-scaldafusto-cover.jpg","datePublished":"2023-07-21T10:57:32+00:00","dateModified":"2023-10-26T14:50:30+00:00","breadcrumb":{"@id":"https:\/\/www.futuraeurope.com\/fr\/magasin\/bandes-chauffantes-pour-tambour\/#breadcrumb"},"inLanguage":"fr-FR","potentialAction":[{"@type":"ReadAction","target":["https:\/\/www.futuraeurope.com\/fr\/magasin\/bandes-chauffantes-pour-tambour\/"]}]},{"@type":"ImageObject","inLanguage":"fr-FR","@id":"https:\/\/www.futuraeurope.com\/fr\/magasin\/bandes-chauffantes-pour-tambour\/#primaryimage","url":"https:\/\/www.futuraeurope.com\/wp-content\/uploads\/2023\/06\/Fasce-scaldafusto-cover.jpg","contentUrl":"https:\/\/www.futuraeurope.com\/wp-content\/uploads\/2023\/06\/Fasce-scaldafusto-cover.jpg","width":1000,"height":1000},{"@type":"BreadcrumbList","@id":"https:\/\/www.futuraeurope.com\/fr\/magasin\/bandes-chauffantes-pour-tambour\/#breadcrumb","itemListElement":[{"@type":"ListItem","position":1,"name":"Home","item":"https:\/\/www.futuraeurope.com\/fr\/"},{"@type":"ListItem","position":2,"name":"Prodotti","item":"https:\/\/www.futuraeurope.com\/shop\/"},{"@type":"ListItem","position":3,"name":"BANDES CHAUFFANTES POUR TAMBOUR"}]},{"@type":"WebSite","@id":"https:\/\/www.futuraeurope.com\/fr\/#website","url":"https:\/\/www.futuraeurope.com\/fr\/","name":"Futura Europe","description":"Vendita e produzione di macchine per poliurea e poliuretano","potentialAction":[{"@type":"SearchAction","target":{"@type":"EntryPoint","urlTemplate":"https:\/\/www.futuraeurope.com\/fr\/?s={search_term_string}"},"query-input":{"@type":"PropertyValueSpecification","valueRequired":true,"valueName":"search_term_string"}}],"inLanguage":"fr-FR"}]}},"_links":{"self":[{"href":"https:\/\/www.futuraeurope.com\/fr\/wp-json\/wp\/v2\/product\/15331"}],"collection":[{"href":"https:\/\/www.futuraeurope.com\/fr\/wp-json\/wp\/v2\/product"}],"about":[{"href":"https:\/\/www.futuraeurope.com\/fr\/wp-json\/wp\/v2\/types\/product"}],"wp:featuredmedia":[{"embeddable":true,"href":"https:\/\/www.futuraeurope.com\/fr\/wp-json\/wp\/v2\/media\/14172"}],"wp:attachment":[{"href":"https:\/\/www.futuraeurope.com\/fr\/wp-json\/wp\/v2\/media?parent=15331"}],"wp:term":[{"taxonomy":"product_cat","embeddable":true,"href":"https:\/\/www.futuraeurope.com\/fr\/wp-json\/wp\/v2\/product_cat?post=15331"},{"taxonomy":"product_tag","embeddable":true,"href":"https:\/\/www.futuraeurope.com\/fr\/wp-json\/wp\/v2\/product_tag?post=15331"}],"curies":[{"name":"wp","href":"https:\/\/api.w.org\/{rel}","templated":true}]}}