{"id":15335,"date":"2023-07-21T10:46:21","date_gmt":"2023-07-21T10:46:21","guid":{"rendered":"https:\/\/www.futuraeurope.com\/product\/qwick-spray\/"},"modified":"2023-10-26T14:52:47","modified_gmt":"2023-10-26T14:52:47","slug":"qwick-spray","status":"publish","type":"product","link":"https:\/\/www.futuraeurope.com\/fr\/magasin\/qwick-spray\/","title":{"rendered":"QWICK SPRAY"},"content":{"rendered":"<p>\u00c9conomique et maniable, il est id\u00e9al pour les petites applications ou les r\u00e9parations rapides. Le syst\u00e8me sp\u00e9cial de cartouche froide permet d\u2019\u00e9viter toutes ces op\u00e9rations pr\u00e9alables de pulv\u00e9risation et donc une application imm\u00e9diate.<\/p>\n","protected":false},"excerpt":{"rendered":"<p>Pistolet pneumatique pour polyur\u00e9e \u00e0 cartouches, bi-composant, extr\u00eamement maniable.<\/p>\n","protected":false},"featured_media":14175,"menu_order":0,"template":"","meta":[],"product_cat":[145],"product_tag":[],"class_list":{"0":"post-15335","1":"product","2":"type-product","3":"status-publish","4":"has-post-thumbnail","6":"product_cat-pistolets-pulverisateurs","8":"first","9":"instock","10":"taxable","11":"shipping-taxable","12":"purchasable","13":"product-type-simple"},"yoast_head":"<!-- This site is optimized with the Yoast SEO plugin v23.6 - https:\/\/yoast.com\/wordpress\/plugins\/seo\/ -->\n<title>QWICK SPRAY - Futura Europe<\/title>\n<meta name=\"robots\" content=\"index, follow, max-snippet:-1, max-image-preview:large, max-video-preview:-1\" \/>\n<link rel=\"canonical\" href=\"https:\/\/www.futuraeurope.com\/fr\/magasin\/qwick-spray\/\" \/>\n<meta property=\"og:locale\" content=\"fr_FR\" \/>\n<meta property=\"og:type\" content=\"article\" \/>\n<meta property=\"og:title\" content=\"QWICK SPRAY - Futura Europe\" \/>\n<meta property=\"og:description\" content=\"Pistolet pneumatique pour polyur\u00e9e \u00e0 cartouches, bi-composant, extr\u00eamement maniable.\" \/>\n<meta property=\"og:url\" content=\"https:\/\/www.futuraeurope.com\/fr\/magasin\/qwick-spray\/\" \/>\n<meta property=\"og:site_name\" content=\"Futura Europe\" \/>\n<meta property=\"article:modified_time\" content=\"2023-10-26T14:52:47+00:00\" \/>\n<meta property=\"og:image\" content=\"https:\/\/www.futuraeurope.com\/wp-content\/uploads\/2023\/07\/Pistola-cartucce-QWICK-SPRAY-Futura-Europe-1-2048x1309-1.jpg\" \/>\n\t<meta property=\"og:image:width\" content=\"683\" \/>\n\t<meta property=\"og:image:height\" content=\"683\" \/>\n\t<meta property=\"og:image:type\" content=\"image\/jpeg\" \/>\n<meta name=\"twitter:card\" content=\"summary_large_image\" \/>\n<meta name=\"twitter:label1\" content=\"Dur\u00e9e de lecture estim\u00e9e\" \/>\n\t<meta name=\"twitter:data1\" content=\"1 minute\" \/>\n<script type=\"application\/ld+json\" class=\"yoast-schema-graph\">{\"@context\":\"https:\/\/schema.org\",\"@graph\":[{\"@type\":\"WebPage\",\"@id\":\"https:\/\/www.futuraeurope.com\/fr\/magasin\/qwick-spray\/\",\"url\":\"https:\/\/www.futuraeurope.com\/fr\/magasin\/qwick-spray\/\",\"name\":\"QWICK SPRAY - Futura Europe\",\"isPartOf\":{\"@id\":\"https:\/\/www.futuraeurope.com\/fr\/#website\"},\"primaryImageOfPage\":{\"@id\":\"https:\/\/www.futuraeurope.com\/fr\/magasin\/qwick-spray\/#primaryimage\"},\"image\":{\"@id\":\"https:\/\/www.futuraeurope.com\/fr\/magasin\/qwick-spray\/#primaryimage\"},\"thumbnailUrl\":\"https:\/\/www.futuraeurope.com\/wp-content\/uploads\/2023\/07\/Pistola-cartucce-QWICK-SPRAY-Futura-Europe-1-2048x1309-1.jpg\",\"datePublished\":\"2023-07-21T10:46:21+00:00\",\"dateModified\":\"2023-10-26T14:52:47+00:00\",\"breadcrumb\":{\"@id\":\"https:\/\/www.futuraeurope.com\/fr\/magasin\/qwick-spray\/#breadcrumb\"},\"inLanguage\":\"fr-FR\",\"potentialAction\":[{\"@type\":\"ReadAction\",\"target\":[\"https:\/\/www.futuraeurope.com\/fr\/magasin\/qwick-spray\/\"]}]},{\"@type\":\"ImageObject\",\"inLanguage\":\"fr-FR\",\"@id\":\"https:\/\/www.futuraeurope.com\/fr\/magasin\/qwick-spray\/#primaryimage\",\"url\":\"https:\/\/www.futuraeurope.com\/wp-content\/uploads\/2023\/07\/Pistola-cartucce-QWICK-SPRAY-Futura-Europe-1-2048x1309-1.jpg\",\"contentUrl\":\"https:\/\/www.futuraeurope.com\/wp-content\/uploads\/2023\/07\/Pistola-cartucce-QWICK-SPRAY-Futura-Europe-1-2048x1309-1.jpg\",\"width\":683,\"height\":683},{\"@type\":\"BreadcrumbList\",\"@id\":\"https:\/\/www.futuraeurope.com\/fr\/magasin\/qwick-spray\/#breadcrumb\",\"itemListElement\":[{\"@type\":\"ListItem\",\"position\":1,\"name\":\"Home\",\"item\":\"https:\/\/www.futuraeurope.com\/fr\/\"},{\"@type\":\"ListItem\",\"position\":2,\"name\":\"Prodotti\",\"item\":\"https:\/\/www.futuraeurope.com\/shop\/\"},{\"@type\":\"ListItem\",\"position\":3,\"name\":\"QWICK SPRAY\"}]},{\"@type\":\"WebSite\",\"@id\":\"https:\/\/www.futuraeurope.com\/fr\/#website\",\"url\":\"https:\/\/www.futuraeurope.com\/fr\/\",\"name\":\"Futura Europe\",\"description\":\"Vendita e produzione di macchine per poliurea e poliuretano\",\"potentialAction\":[{\"@type\":\"SearchAction\",\"target\":{\"@type\":\"EntryPoint\",\"urlTemplate\":\"https:\/\/www.futuraeurope.com\/fr\/?s={search_term_string}\"},\"query-input\":{\"@type\":\"PropertyValueSpecification\",\"valueRequired\":true,\"valueName\":\"search_term_string\"}}],\"inLanguage\":\"fr-FR\"}]}<\/script>\n<!-- \/ Yoast SEO plugin. -->","yoast_head_json":{"title":"QWICK SPRAY - Futura Europe","robots":{"index":"index","follow":"follow","max-snippet":"max-snippet:-1","max-image-preview":"max-image-preview:large","max-video-preview":"max-video-preview:-1"},"canonical":"https:\/\/www.futuraeurope.com\/fr\/magasin\/qwick-spray\/","og_locale":"fr_FR","og_type":"article","og_title":"QWICK SPRAY - Futura Europe","og_description":"Pistolet pneumatique pour polyur\u00e9e \u00e0 cartouches, bi-composant, extr\u00eamement maniable.","og_url":"https:\/\/www.futuraeurope.com\/fr\/magasin\/qwick-spray\/","og_site_name":"Futura Europe","article_modified_time":"2023-10-26T14:52:47+00:00","og_image":[{"width":683,"height":683,"url":"https:\/\/www.futuraeurope.com\/wp-content\/uploads\/2023\/07\/Pistola-cartucce-QWICK-SPRAY-Futura-Europe-1-2048x1309-1.jpg","type":"image\/jpeg"}],"twitter_card":"summary_large_image","twitter_misc":{"Dur\u00e9e de lecture estim\u00e9e":"1 minute"},"schema":{"@context":"https:\/\/schema.org","@graph":[{"@type":"WebPage","@id":"https:\/\/www.futuraeurope.com\/fr\/magasin\/qwick-spray\/","url":"https:\/\/www.futuraeurope.com\/fr\/magasin\/qwick-spray\/","name":"QWICK SPRAY - Futura Europe","isPartOf":{"@id":"https:\/\/www.futuraeurope.com\/fr\/#website"},"primaryImageOfPage":{"@id":"https:\/\/www.futuraeurope.com\/fr\/magasin\/qwick-spray\/#primaryimage"},"image":{"@id":"https:\/\/www.futuraeurope.com\/fr\/magasin\/qwick-spray\/#primaryimage"},"thumbnailUrl":"https:\/\/www.futuraeurope.com\/wp-content\/uploads\/2023\/07\/Pistola-cartucce-QWICK-SPRAY-Futura-Europe-1-2048x1309-1.jpg","datePublished":"2023-07-21T10:46:21+00:00","dateModified":"2023-10-26T14:52:47+00:00","breadcrumb":{"@id":"https:\/\/www.futuraeurope.com\/fr\/magasin\/qwick-spray\/#breadcrumb"},"inLanguage":"fr-FR","potentialAction":[{"@type":"ReadAction","target":["https:\/\/www.futuraeurope.com\/fr\/magasin\/qwick-spray\/"]}]},{"@type":"ImageObject","inLanguage":"fr-FR","@id":"https:\/\/www.futuraeurope.com\/fr\/magasin\/qwick-spray\/#primaryimage","url":"https:\/\/www.futuraeurope.com\/wp-content\/uploads\/2023\/07\/Pistola-cartucce-QWICK-SPRAY-Futura-Europe-1-2048x1309-1.jpg","contentUrl":"https:\/\/www.futuraeurope.com\/wp-content\/uploads\/2023\/07\/Pistola-cartucce-QWICK-SPRAY-Futura-Europe-1-2048x1309-1.jpg","width":683,"height":683},{"@type":"BreadcrumbList","@id":"https:\/\/www.futuraeurope.com\/fr\/magasin\/qwick-spray\/#breadcrumb","itemListElement":[{"@type":"ListItem","position":1,"name":"Home","item":"https:\/\/www.futuraeurope.com\/fr\/"},{"@type":"ListItem","position":2,"name":"Prodotti","item":"https:\/\/www.futuraeurope.com\/shop\/"},{"@type":"ListItem","position":3,"name":"QWICK SPRAY"}]},{"@type":"WebSite","@id":"https:\/\/www.futuraeurope.com\/fr\/#website","url":"https:\/\/www.futuraeurope.com\/fr\/","name":"Futura Europe","description":"Vendita e produzione di macchine per poliurea e poliuretano","potentialAction":[{"@type":"SearchAction","target":{"@type":"EntryPoint","urlTemplate":"https:\/\/www.futuraeurope.com\/fr\/?s={search_term_string}"},"query-input":{"@type":"PropertyValueSpecification","valueRequired":true,"valueName":"search_term_string"}}],"inLanguage":"fr-FR"}]}},"_links":{"self":[{"href":"https:\/\/www.futuraeurope.com\/fr\/wp-json\/wp\/v2\/product\/15335"}],"collection":[{"href":"https:\/\/www.futuraeurope.com\/fr\/wp-json\/wp\/v2\/product"}],"about":[{"href":"https:\/\/www.futuraeurope.com\/fr\/wp-json\/wp\/v2\/types\/product"}],"wp:featuredmedia":[{"embeddable":true,"href":"https:\/\/www.futuraeurope.com\/fr\/wp-json\/wp\/v2\/media\/14175"}],"wp:attachment":[{"href":"https:\/\/www.futuraeurope.com\/fr\/wp-json\/wp\/v2\/media?parent=15335"}],"wp:term":[{"taxonomy":"product_cat","embeddable":true,"href":"https:\/\/www.futuraeurope.com\/fr\/wp-json\/wp\/v2\/product_cat?post=15335"},{"taxonomy":"product_tag","embeddable":true,"href":"https:\/\/www.futuraeurope.com\/fr\/wp-json\/wp\/v2\/product_tag?post=15335"}],"curies":[{"name":"wp","href":"https:\/\/api.w.org\/{rel}","templated":true}]}}