{"id":15337,"date":"2023-07-21T10:31:18","date_gmt":"2023-07-21T10:31:18","guid":{"rendered":"https:\/\/www.futuraeurope.com\/product\/hopper-gun\/"},"modified":"2025-11-27T11:37:26","modified_gmt":"2025-11-27T11:37:26","slug":"hopper-gun","status":"publish","type":"product","link":"https:\/\/www.futuraeurope.com\/fr\/magasin\/hopper-gun\/","title":{"rendered":"HOPPER GUN"},"content":{"rendered":"<p>\u00c9quipement de pulv\u00e9risation airless id\u00e9al pour l\u2019application des <strong>mortiers sp\u00e9ciaux FUTURA SCR<\/strong> et <strong>FUTURA CRETE<\/strong>.<\/p>\n<p>Equip\u00e9 d\u2019une grande tr\u00e9mie, disponible en version verticale ou inclin\u00e9e, id\u00e9ale pour les travaux plus importants ou pour r\u00e9duire les temps de remplissage du mat\u00e9riel. Le pistolet est con\u00e7u pour \u00eatre plus l\u00e9ger que les autres mod\u00e8les de la m\u00eame cat\u00e9gorie afin de r\u00e9duire la fatigue de l\u2019op\u00e9rateur. Le Hopper Gun est fourni avec un support sp\u00e9cial d\u2019entretien pendant les moments de repos et de remplissage du mat\u00e9riau A et avec un ensemble complet de buses de diff\u00e9rentes tailles (petites, moyennes et grandes) pour satisfaire tous les besoins de pulv\u00e9risation de l\u2019op\u00e9rateur.<\/p>\n<div id=\"gtx-trans\" style=\"position: absolute; left: 836px; top: -13px;\">\n<div class=\"gtx-trans-icon\"><\/div>\n<\/div>\n","protected":false},"excerpt":{"rendered":"<p>Pistolet \u00e0 air comprim\u00e9 qui permet l&#8217;application des mortiers sp\u00e9ciaux FUTURA EUROPE et FUTURA CRETE. Cet outil est \u00e9quip\u00e9 d&#8217;une grande tr\u00e9mie et est disponible en version verticale ou inclin\u00e9e. Id\u00e9al pour les travaux importants, il r\u00e9duit les temps de rechargement du mat\u00e9riel et est plus l\u00e9ger que les mod\u00e8les de la m\u00eame cat\u00e9gorie.<\/p>\n","protected":false},"featured_media":14177,"menu_order":0,"template":"","meta":[],"product_cat":[145],"product_tag":[],"class_list":{"0":"post-15337","1":"product","2":"type-product","3":"status-publish","4":"has-post-thumbnail","6":"product_cat-pistolets-pulverisateurs","8":"first","9":"instock","10":"taxable","11":"shipping-taxable","12":"purchasable","13":"product-type-variable"},"yoast_head":"<!-- This site is optimized with the Yoast SEO plugin v23.6 - https:\/\/yoast.com\/wordpress\/plugins\/seo\/ -->\n<title>HOPPER GUN - Futura Europe<\/title>\n<meta name=\"robots\" content=\"index, follow, max-snippet:-1, max-image-preview:large, max-video-preview:-1\" \/>\n<link rel=\"canonical\" href=\"https:\/\/www.futuraeurope.com\/fr\/magasin\/hopper-gun\/\" \/>\n<meta property=\"og:locale\" content=\"fr_FR\" \/>\n<meta property=\"og:type\" content=\"article\" \/>\n<meta property=\"og:title\" content=\"HOPPER GUN - Futura Europe\" \/>\n<meta property=\"og:description\" content=\"Pistolet \u00e0 air comprim\u00e9 qui permet l&#039;application des mortiers sp\u00e9ciaux FUTURA EUROPE et FUTURA CRETE. Cet outil est \u00e9quip\u00e9 d&#039;une grande tr\u00e9mie et est disponible en version verticale ou inclin\u00e9e. Id\u00e9al pour les travaux importants, il r\u00e9duit les temps de rechargement du mat\u00e9riel et est plus l\u00e9ger que les mod\u00e8les de la m\u00eame cat\u00e9gorie.\" \/>\n<meta property=\"og:url\" content=\"https:\/\/www.futuraeurope.com\/fr\/magasin\/hopper-gun\/\" \/>\n<meta property=\"og:site_name\" content=\"Futura Europe\" \/>\n<meta property=\"article:modified_time\" content=\"2025-11-27T11:37:26+00:00\" \/>\n<meta property=\"og:image\" content=\"https:\/\/www.futuraeurope.com\/wp-content\/uploads\/2023\/07\/futuraeurope-macchine-pistole-da-spruzzo-1-1.jpg\" \/>\n\t<meta property=\"og:image:width\" content=\"683\" \/>\n\t<meta property=\"og:image:height\" content=\"683\" \/>\n\t<meta property=\"og:image:type\" content=\"image\/jpeg\" \/>\n<meta name=\"twitter:card\" content=\"summary_large_image\" \/>\n<meta name=\"twitter:label1\" content=\"Dur\u00e9e de lecture estim\u00e9e\" \/>\n\t<meta name=\"twitter:data1\" content=\"1 minute\" \/>\n<script type=\"application\/ld+json\" class=\"yoast-schema-graph\">{\"@context\":\"https:\/\/schema.org\",\"@graph\":[{\"@type\":\"WebPage\",\"@id\":\"https:\/\/www.futuraeurope.com\/fr\/magasin\/hopper-gun\/\",\"url\":\"https:\/\/www.futuraeurope.com\/fr\/magasin\/hopper-gun\/\",\"name\":\"HOPPER GUN - Futura Europe\",\"isPartOf\":{\"@id\":\"https:\/\/www.futuraeurope.com\/fr\/#website\"},\"primaryImageOfPage\":{\"@id\":\"https:\/\/www.futuraeurope.com\/fr\/magasin\/hopper-gun\/#primaryimage\"},\"image\":{\"@id\":\"https:\/\/www.futuraeurope.com\/fr\/magasin\/hopper-gun\/#primaryimage\"},\"thumbnailUrl\":\"https:\/\/www.futuraeurope.com\/wp-content\/uploads\/2023\/07\/futuraeurope-macchine-pistole-da-spruzzo-1-1.jpg\",\"datePublished\":\"2023-07-21T10:31:18+00:00\",\"dateModified\":\"2025-11-27T11:37:26+00:00\",\"breadcrumb\":{\"@id\":\"https:\/\/www.futuraeurope.com\/fr\/magasin\/hopper-gun\/#breadcrumb\"},\"inLanguage\":\"fr-FR\",\"potentialAction\":[{\"@type\":\"ReadAction\",\"target\":[\"https:\/\/www.futuraeurope.com\/fr\/magasin\/hopper-gun\/\"]}]},{\"@type\":\"ImageObject\",\"inLanguage\":\"fr-FR\",\"@id\":\"https:\/\/www.futuraeurope.com\/fr\/magasin\/hopper-gun\/#primaryimage\",\"url\":\"https:\/\/www.futuraeurope.com\/wp-content\/uploads\/2023\/07\/futuraeurope-macchine-pistole-da-spruzzo-1-1.jpg\",\"contentUrl\":\"https:\/\/www.futuraeurope.com\/wp-content\/uploads\/2023\/07\/futuraeurope-macchine-pistole-da-spruzzo-1-1.jpg\",\"width\":683,\"height\":683},{\"@type\":\"BreadcrumbList\",\"@id\":\"https:\/\/www.futuraeurope.com\/fr\/magasin\/hopper-gun\/#breadcrumb\",\"itemListElement\":[{\"@type\":\"ListItem\",\"position\":1,\"name\":\"Home\",\"item\":\"https:\/\/www.futuraeurope.com\/fr\/\"},{\"@type\":\"ListItem\",\"position\":2,\"name\":\"Prodotti\",\"item\":\"https:\/\/www.futuraeurope.com\/shop\/\"},{\"@type\":\"ListItem\",\"position\":3,\"name\":\"HOPPER GUN\"}]},{\"@type\":\"WebSite\",\"@id\":\"https:\/\/www.futuraeurope.com\/fr\/#website\",\"url\":\"https:\/\/www.futuraeurope.com\/fr\/\",\"name\":\"Futura Europe\",\"description\":\"Vendita e produzione di macchine per poliurea e poliuretano\",\"potentialAction\":[{\"@type\":\"SearchAction\",\"target\":{\"@type\":\"EntryPoint\",\"urlTemplate\":\"https:\/\/www.futuraeurope.com\/fr\/?s={search_term_string}\"},\"query-input\":{\"@type\":\"PropertyValueSpecification\",\"valueRequired\":true,\"valueName\":\"search_term_string\"}}],\"inLanguage\":\"fr-FR\"}]}<\/script>\n<!-- \/ Yoast SEO plugin. -->","yoast_head_json":{"title":"HOPPER GUN - Futura Europe","robots":{"index":"index","follow":"follow","max-snippet":"max-snippet:-1","max-image-preview":"max-image-preview:large","max-video-preview":"max-video-preview:-1"},"canonical":"https:\/\/www.futuraeurope.com\/fr\/magasin\/hopper-gun\/","og_locale":"fr_FR","og_type":"article","og_title":"HOPPER GUN - Futura Europe","og_description":"Pistolet \u00e0 air comprim\u00e9 qui permet l'application des mortiers sp\u00e9ciaux FUTURA EUROPE et FUTURA CRETE. Cet outil est \u00e9quip\u00e9 d'une grande tr\u00e9mie et est disponible en version verticale ou inclin\u00e9e. Id\u00e9al pour les travaux importants, il r\u00e9duit les temps de rechargement du mat\u00e9riel et est plus l\u00e9ger que les mod\u00e8les de la m\u00eame cat\u00e9gorie.","og_url":"https:\/\/www.futuraeurope.com\/fr\/magasin\/hopper-gun\/","og_site_name":"Futura Europe","article_modified_time":"2025-11-27T11:37:26+00:00","og_image":[{"width":683,"height":683,"url":"https:\/\/www.futuraeurope.com\/wp-content\/uploads\/2023\/07\/futuraeurope-macchine-pistole-da-spruzzo-1-1.jpg","type":"image\/jpeg"}],"twitter_card":"summary_large_image","twitter_misc":{"Dur\u00e9e de lecture estim\u00e9e":"1 minute"},"schema":{"@context":"https:\/\/schema.org","@graph":[{"@type":"WebPage","@id":"https:\/\/www.futuraeurope.com\/fr\/magasin\/hopper-gun\/","url":"https:\/\/www.futuraeurope.com\/fr\/magasin\/hopper-gun\/","name":"HOPPER GUN - Futura Europe","isPartOf":{"@id":"https:\/\/www.futuraeurope.com\/fr\/#website"},"primaryImageOfPage":{"@id":"https:\/\/www.futuraeurope.com\/fr\/magasin\/hopper-gun\/#primaryimage"},"image":{"@id":"https:\/\/www.futuraeurope.com\/fr\/magasin\/hopper-gun\/#primaryimage"},"thumbnailUrl":"https:\/\/www.futuraeurope.com\/wp-content\/uploads\/2023\/07\/futuraeurope-macchine-pistole-da-spruzzo-1-1.jpg","datePublished":"2023-07-21T10:31:18+00:00","dateModified":"2025-11-27T11:37:26+00:00","breadcrumb":{"@id":"https:\/\/www.futuraeurope.com\/fr\/magasin\/hopper-gun\/#breadcrumb"},"inLanguage":"fr-FR","potentialAction":[{"@type":"ReadAction","target":["https:\/\/www.futuraeurope.com\/fr\/magasin\/hopper-gun\/"]}]},{"@type":"ImageObject","inLanguage":"fr-FR","@id":"https:\/\/www.futuraeurope.com\/fr\/magasin\/hopper-gun\/#primaryimage","url":"https:\/\/www.futuraeurope.com\/wp-content\/uploads\/2023\/07\/futuraeurope-macchine-pistole-da-spruzzo-1-1.jpg","contentUrl":"https:\/\/www.futuraeurope.com\/wp-content\/uploads\/2023\/07\/futuraeurope-macchine-pistole-da-spruzzo-1-1.jpg","width":683,"height":683},{"@type":"BreadcrumbList","@id":"https:\/\/www.futuraeurope.com\/fr\/magasin\/hopper-gun\/#breadcrumb","itemListElement":[{"@type":"ListItem","position":1,"name":"Home","item":"https:\/\/www.futuraeurope.com\/fr\/"},{"@type":"ListItem","position":2,"name":"Prodotti","item":"https:\/\/www.futuraeurope.com\/shop\/"},{"@type":"ListItem","position":3,"name":"HOPPER GUN"}]},{"@type":"WebSite","@id":"https:\/\/www.futuraeurope.com\/fr\/#website","url":"https:\/\/www.futuraeurope.com\/fr\/","name":"Futura Europe","description":"Vendita e produzione di macchine per poliurea e poliuretano","potentialAction":[{"@type":"SearchAction","target":{"@type":"EntryPoint","urlTemplate":"https:\/\/www.futuraeurope.com\/fr\/?s={search_term_string}"},"query-input":{"@type":"PropertyValueSpecification","valueRequired":true,"valueName":"search_term_string"}}],"inLanguage":"fr-FR"}]}},"_links":{"self":[{"href":"https:\/\/www.futuraeurope.com\/fr\/wp-json\/wp\/v2\/product\/15337"}],"collection":[{"href":"https:\/\/www.futuraeurope.com\/fr\/wp-json\/wp\/v2\/product"}],"about":[{"href":"https:\/\/www.futuraeurope.com\/fr\/wp-json\/wp\/v2\/types\/product"}],"wp:featuredmedia":[{"embeddable":true,"href":"https:\/\/www.futuraeurope.com\/fr\/wp-json\/wp\/v2\/media\/14177"}],"wp:attachment":[{"href":"https:\/\/www.futuraeurope.com\/fr\/wp-json\/wp\/v2\/media?parent=15337"}],"wp:term":[{"taxonomy":"product_cat","embeddable":true,"href":"https:\/\/www.futuraeurope.com\/fr\/wp-json\/wp\/v2\/product_cat?post=15337"},{"taxonomy":"product_tag","embeddable":true,"href":"https:\/\/www.futuraeurope.com\/fr\/wp-json\/wp\/v2\/product_tag?post=15337"}],"curies":[{"name":"wp","href":"https:\/\/api.w.org\/{rel}","templated":true}]}}