{"id":15340,"date":"2023-07-21T10:26:01","date_gmt":"2023-07-21T10:26:01","guid":{"rendered":"https:\/\/www.futuraeurope.com\/product\/pistola-spruzzo-futura-ft3\/"},"modified":"2023-10-26T14:54:34","modified_gmt":"2023-10-26T14:54:34","slug":"pistola-spruzzo-futura-ft3","status":"publish","type":"product","link":"https:\/\/www.futuraeurope.com\/fr\/magasin\/pistolet-pulverisateur-futura-ft3\/","title":{"rendered":"PISTOLET PULV\u00c9RISATEUR FUTURA FT3"},"content":{"rendered":"<p><strong>Pistolet pulv\u00e9risateur pour polyur\u00e9es et polyur\u00e9thanes haute pression.<\/strong><\/p>\n<p>Autonettoyant. Simple. Pratique. Fonctionnel. La poign\u00e9e ergonomique permet un mouvement facile de la main et est con\u00e7ue pour ne pas fatiguer l\u2019op\u00e9rateur m\u00eame apr\u00e8s de nombreuses heures de travail.<\/p>\n<p><strong>Caract\u00e9ristiques:<\/strong><br \/>\n\u2022 Poign\u00e9e ergonomique et design attrayant<br \/>\n\u2022 Toutes les pi\u00e8ces en aluminium sont facilement lavables et r\u00e9sistantes \u00e0 la corrosion caus\u00e9e par les liquides de nettoyage.<br \/>\n\u2022 entretien minimal et \u00e9conomique<br \/>\n\u2022 Ouverture r\u00e9glable gr\u00e2ce au choix de buses de pulv\u00e9risation disponibles<br \/>\n\u2022 Possibilit\u00e9 d\u2019ajouter des dispositifs sp\u00e9ciaux pour la coul\u00e9e ou la pulv\u00e9risation &#8220;en \u00e9ventail&#8221;<br \/>\n\u2022 Nettoyage facile des filtres, sans avoir besoin de d\u00e9monter compl\u00e8tement le pistolet.<br \/>\n\u2022 Robinets \u00ab Swagelok \u00bb originaux pour une plus grande durabilit\u00e9<br \/>\n\u2022 Conception sp\u00e9ciale qui ne permet pas aux mat\u00e9riaux de traverser \u00e0 l\u2019ext\u00e9rieur de la chambre de m\u00e9lange<br \/>\n\u2022 Les clapets anti-retour emp\u00eachent le mat\u00e9riau de refluer et de bloquer le pistolet.<br \/>\n\u2022 Peut pulv\u00e9riser des polyur\u00e9thanes expans\u00e9s et des polyur\u00e9es<br \/>\n\u2022 Compatible avec les machines de pulv\u00e9risation de polyur\u00e9e bimixer haute et basse pression de toutes marques.<\/p>\n<div id=\"gtx-trans\" style=\"position: absolute; left: -23px; top: 111px;\">\n<div class=\"gtx-trans-icon\"><\/div>\n<\/div>\n","protected":false},"excerpt":{"rendered":"<p>Pistola da spruzzo per poliuree e poliuretano ad alta pressione.<br \/>\nAutopulente. Semplice. Maneggevole. Funzionale. L\u2019impugnatura ergonomica permette il facile movimento della mano ed \u00e8 studiato in modo da non affaticare l\u2019operatore anche dopo molte ore di lavoro.<\/p>\n","protected":false},"featured_media":14178,"menu_order":0,"template":"","meta":[],"product_cat":[145],"product_tag":[],"class_list":{"0":"post-15340","1":"product","2":"type-product","3":"status-publish","4":"has-post-thumbnail","6":"product_cat-pistolets-pulverisateurs","8":"first","9":"instock","10":"taxable","11":"shipping-taxable","12":"purchasable","13":"product-type-simple"},"yoast_head":"<!-- This site is optimized with the Yoast SEO plugin v23.6 - https:\/\/yoast.com\/wordpress\/plugins\/seo\/ -->\n<title>PISTOLET PULV\u00c9RISATEUR FUTURA FT3 - Futura Europe<\/title>\n<meta name=\"robots\" content=\"index, follow, max-snippet:-1, max-image-preview:large, max-video-preview:-1\" \/>\n<link rel=\"canonical\" href=\"https:\/\/www.futuraeurope.com\/fr\/magasin\/pistolet-pulverisateur-futura-ft3\/\" \/>\n<meta property=\"og:locale\" content=\"fr_FR\" \/>\n<meta property=\"og:type\" content=\"article\" \/>\n<meta property=\"og:title\" content=\"PISTOLET PULV\u00c9RISATEUR FUTURA FT3 - Futura Europe\" \/>\n<meta property=\"og:description\" content=\"Pistola da spruzzo per poliuree e poliuretano ad alta pressione. Autopulente. Semplice. Maneggevole. Funzionale. L\u2019impugnatura ergonomica permette il facile movimento della mano ed \u00e8 studiato in modo da non affaticare l\u2019operatore anche dopo molte ore di lavoro.\" \/>\n<meta property=\"og:url\" content=\"https:\/\/www.futuraeurope.com\/fr\/magasin\/pistolet-pulverisateur-futura-ft3\/\" \/>\n<meta property=\"og:site_name\" content=\"Futura Europe\" \/>\n<meta property=\"article:modified_time\" content=\"2023-10-26T14:54:34+00:00\" \/>\n<meta property=\"og:image\" content=\"https:\/\/www.futuraeurope.com\/wp-content\/uploads\/2023\/07\/futuraeurope-macchine-pistole-da-spruzzo-per-cementi-3-1-1.jpg\" \/>\n\t<meta property=\"og:image:width\" content=\"683\" \/>\n\t<meta property=\"og:image:height\" content=\"683\" \/>\n\t<meta property=\"og:image:type\" content=\"image\/jpeg\" \/>\n<meta name=\"twitter:card\" content=\"summary_large_image\" \/>\n<meta name=\"twitter:label1\" content=\"Dur\u00e9e de lecture estim\u00e9e\" \/>\n\t<meta name=\"twitter:data1\" content=\"1 minute\" \/>\n<script type=\"application\/ld+json\" class=\"yoast-schema-graph\">{\"@context\":\"https:\/\/schema.org\",\"@graph\":[{\"@type\":\"WebPage\",\"@id\":\"https:\/\/www.futuraeurope.com\/fr\/magasin\/pistolet-pulverisateur-futura-ft3\/\",\"url\":\"https:\/\/www.futuraeurope.com\/fr\/magasin\/pistolet-pulverisateur-futura-ft3\/\",\"name\":\"PISTOLET PULV\u00c9RISATEUR FUTURA FT3 - Futura Europe\",\"isPartOf\":{\"@id\":\"https:\/\/www.futuraeurope.com\/fr\/#website\"},\"primaryImageOfPage\":{\"@id\":\"https:\/\/www.futuraeurope.com\/fr\/magasin\/pistolet-pulverisateur-futura-ft3\/#primaryimage\"},\"image\":{\"@id\":\"https:\/\/www.futuraeurope.com\/fr\/magasin\/pistolet-pulverisateur-futura-ft3\/#primaryimage\"},\"thumbnailUrl\":\"https:\/\/www.futuraeurope.com\/wp-content\/uploads\/2023\/07\/futuraeurope-macchine-pistole-da-spruzzo-per-cementi-3-1-1.jpg\",\"datePublished\":\"2023-07-21T10:26:01+00:00\",\"dateModified\":\"2023-10-26T14:54:34+00:00\",\"breadcrumb\":{\"@id\":\"https:\/\/www.futuraeurope.com\/fr\/magasin\/pistolet-pulverisateur-futura-ft3\/#breadcrumb\"},\"inLanguage\":\"fr-FR\",\"potentialAction\":[{\"@type\":\"ReadAction\",\"target\":[\"https:\/\/www.futuraeurope.com\/fr\/magasin\/pistolet-pulverisateur-futura-ft3\/\"]}]},{\"@type\":\"ImageObject\",\"inLanguage\":\"fr-FR\",\"@id\":\"https:\/\/www.futuraeurope.com\/fr\/magasin\/pistolet-pulverisateur-futura-ft3\/#primaryimage\",\"url\":\"https:\/\/www.futuraeurope.com\/wp-content\/uploads\/2023\/07\/futuraeurope-macchine-pistole-da-spruzzo-per-cementi-3-1-1.jpg\",\"contentUrl\":\"https:\/\/www.futuraeurope.com\/wp-content\/uploads\/2023\/07\/futuraeurope-macchine-pistole-da-spruzzo-per-cementi-3-1-1.jpg\",\"width\":683,\"height\":683},{\"@type\":\"BreadcrumbList\",\"@id\":\"https:\/\/www.futuraeurope.com\/fr\/magasin\/pistolet-pulverisateur-futura-ft3\/#breadcrumb\",\"itemListElement\":[{\"@type\":\"ListItem\",\"position\":1,\"name\":\"Home\",\"item\":\"https:\/\/www.futuraeurope.com\/fr\/\"},{\"@type\":\"ListItem\",\"position\":2,\"name\":\"Prodotti\",\"item\":\"https:\/\/www.futuraeurope.com\/shop\/\"},{\"@type\":\"ListItem\",\"position\":3,\"name\":\"PISTOLET PULV\u00c9RISATEUR FUTURA FT3\"}]},{\"@type\":\"WebSite\",\"@id\":\"https:\/\/www.futuraeurope.com\/fr\/#website\",\"url\":\"https:\/\/www.futuraeurope.com\/fr\/\",\"name\":\"Futura Europe\",\"description\":\"Vendita e produzione di macchine per poliurea e poliuretano\",\"potentialAction\":[{\"@type\":\"SearchAction\",\"target\":{\"@type\":\"EntryPoint\",\"urlTemplate\":\"https:\/\/www.futuraeurope.com\/fr\/?s={search_term_string}\"},\"query-input\":{\"@type\":\"PropertyValueSpecification\",\"valueRequired\":true,\"valueName\":\"search_term_string\"}}],\"inLanguage\":\"fr-FR\"}]}<\/script>\n<!-- \/ Yoast SEO plugin. -->","yoast_head_json":{"title":"PISTOLET PULV\u00c9RISATEUR FUTURA FT3 - Futura Europe","robots":{"index":"index","follow":"follow","max-snippet":"max-snippet:-1","max-image-preview":"max-image-preview:large","max-video-preview":"max-video-preview:-1"},"canonical":"https:\/\/www.futuraeurope.com\/fr\/magasin\/pistolet-pulverisateur-futura-ft3\/","og_locale":"fr_FR","og_type":"article","og_title":"PISTOLET PULV\u00c9RISATEUR FUTURA FT3 - Futura Europe","og_description":"Pistola da spruzzo per poliuree e poliuretano ad alta pressione. Autopulente. Semplice. Maneggevole. Funzionale. L\u2019impugnatura ergonomica permette il facile movimento della mano ed \u00e8 studiato in modo da non affaticare l\u2019operatore anche dopo molte ore di lavoro.","og_url":"https:\/\/www.futuraeurope.com\/fr\/magasin\/pistolet-pulverisateur-futura-ft3\/","og_site_name":"Futura Europe","article_modified_time":"2023-10-26T14:54:34+00:00","og_image":[{"width":683,"height":683,"url":"https:\/\/www.futuraeurope.com\/wp-content\/uploads\/2023\/07\/futuraeurope-macchine-pistole-da-spruzzo-per-cementi-3-1-1.jpg","type":"image\/jpeg"}],"twitter_card":"summary_large_image","twitter_misc":{"Dur\u00e9e de lecture estim\u00e9e":"1 minute"},"schema":{"@context":"https:\/\/schema.org","@graph":[{"@type":"WebPage","@id":"https:\/\/www.futuraeurope.com\/fr\/magasin\/pistolet-pulverisateur-futura-ft3\/","url":"https:\/\/www.futuraeurope.com\/fr\/magasin\/pistolet-pulverisateur-futura-ft3\/","name":"PISTOLET PULV\u00c9RISATEUR FUTURA FT3 - Futura Europe","isPartOf":{"@id":"https:\/\/www.futuraeurope.com\/fr\/#website"},"primaryImageOfPage":{"@id":"https:\/\/www.futuraeurope.com\/fr\/magasin\/pistolet-pulverisateur-futura-ft3\/#primaryimage"},"image":{"@id":"https:\/\/www.futuraeurope.com\/fr\/magasin\/pistolet-pulverisateur-futura-ft3\/#primaryimage"},"thumbnailUrl":"https:\/\/www.futuraeurope.com\/wp-content\/uploads\/2023\/07\/futuraeurope-macchine-pistole-da-spruzzo-per-cementi-3-1-1.jpg","datePublished":"2023-07-21T10:26:01+00:00","dateModified":"2023-10-26T14:54:34+00:00","breadcrumb":{"@id":"https:\/\/www.futuraeurope.com\/fr\/magasin\/pistolet-pulverisateur-futura-ft3\/#breadcrumb"},"inLanguage":"fr-FR","potentialAction":[{"@type":"ReadAction","target":["https:\/\/www.futuraeurope.com\/fr\/magasin\/pistolet-pulverisateur-futura-ft3\/"]}]},{"@type":"ImageObject","inLanguage":"fr-FR","@id":"https:\/\/www.futuraeurope.com\/fr\/magasin\/pistolet-pulverisateur-futura-ft3\/#primaryimage","url":"https:\/\/www.futuraeurope.com\/wp-content\/uploads\/2023\/07\/futuraeurope-macchine-pistole-da-spruzzo-per-cementi-3-1-1.jpg","contentUrl":"https:\/\/www.futuraeurope.com\/wp-content\/uploads\/2023\/07\/futuraeurope-macchine-pistole-da-spruzzo-per-cementi-3-1-1.jpg","width":683,"height":683},{"@type":"BreadcrumbList","@id":"https:\/\/www.futuraeurope.com\/fr\/magasin\/pistolet-pulverisateur-futura-ft3\/#breadcrumb","itemListElement":[{"@type":"ListItem","position":1,"name":"Home","item":"https:\/\/www.futuraeurope.com\/fr\/"},{"@type":"ListItem","position":2,"name":"Prodotti","item":"https:\/\/www.futuraeurope.com\/shop\/"},{"@type":"ListItem","position":3,"name":"PISTOLET PULV\u00c9RISATEUR FUTURA FT3"}]},{"@type":"WebSite","@id":"https:\/\/www.futuraeurope.com\/fr\/#website","url":"https:\/\/www.futuraeurope.com\/fr\/","name":"Futura Europe","description":"Vendita e produzione di macchine per poliurea e poliuretano","potentialAction":[{"@type":"SearchAction","target":{"@type":"EntryPoint","urlTemplate":"https:\/\/www.futuraeurope.com\/fr\/?s={search_term_string}"},"query-input":{"@type":"PropertyValueSpecification","valueRequired":true,"valueName":"search_term_string"}}],"inLanguage":"fr-FR"}]}},"_links":{"self":[{"href":"https:\/\/www.futuraeurope.com\/fr\/wp-json\/wp\/v2\/product\/15340"}],"collection":[{"href":"https:\/\/www.futuraeurope.com\/fr\/wp-json\/wp\/v2\/product"}],"about":[{"href":"https:\/\/www.futuraeurope.com\/fr\/wp-json\/wp\/v2\/types\/product"}],"wp:featuredmedia":[{"embeddable":true,"href":"https:\/\/www.futuraeurope.com\/fr\/wp-json\/wp\/v2\/media\/14178"}],"wp:attachment":[{"href":"https:\/\/www.futuraeurope.com\/fr\/wp-json\/wp\/v2\/media?parent=15340"}],"wp:term":[{"taxonomy":"product_cat","embeddable":true,"href":"https:\/\/www.futuraeurope.com\/fr\/wp-json\/wp\/v2\/product_cat?post=15340"},{"taxonomy":"product_tag","embeddable":true,"href":"https:\/\/www.futuraeurope.com\/fr\/wp-json\/wp\/v2\/product_tag?post=15340"}],"curies":[{"name":"wp","href":"https:\/\/api.w.org\/{rel}","templated":true}]}}